{"id":110,"date":"2022-10-27T09:18:12","date_gmt":"2022-10-27T12:18:12","guid":{"rendered":"https:\/\/paroquiadavitoria.org.br\/?page_id=110"},"modified":"2026-04-16T18:30:47","modified_gmt":"2026-04-16T21:30:47","slug":"secretaria","status":"publish","type":"page","link":"https:\/\/paroquiadavitoria.org.br\/index.php\/secretaria\/","title":{"rendered":"Secretaria"},"content":{"rendered":"\t\t<div data-elementor-type=\"wp-page\" data-elementor-id=\"110\" class=\"elementor elementor-110\">\n\t\t\t\t\t\t<section class=\"elementor-section elementor-top-section elementor-element elementor-element-1f4b0f0 elementor-section-boxed elementor-section-height-default elementor-section-height-default\" data-id=\"1f4b0f0\" data-element_type=\"section\" data-e-type=\"section\">\n\t\t\t\t\t\t<div class=\"elementor-container elementor-column-gap-default\">\n\t\t\t\t\t<div class=\"elementor-column elementor-col-100 elementor-top-column elementor-element elementor-element-27991c2\" data-id=\"27991c2\" data-element_type=\"column\" data-e-type=\"column\">\n\t\t\t<div class=\"elementor-widget-wrap elementor-element-populated\">\n\t\t\t\t\t\t<div class=\"elementor-element elementor-element-0cfa226 elementor-widget elementor-widget-heading\" data-id=\"0cfa226\" data-element_type=\"widget\" data-e-type=\"widget\" data-widget_type=\"heading.default\">\n\t\t\t\t<div class=\"elementor-widget-container\">\n\t\t\t\t\t<h2 class=\"elementor-heading-title elementor-size-default\">Secretaria<\/h2>\t\t\t\t<\/div>\n\t\t\t\t<\/div>\n\t\t\t\t\t<\/div>\n\t\t<\/div>\n\t\t\t\t\t<\/div>\n\t\t<\/section>\n\t\t\t\t<section class=\"elementor-section elementor-top-section elementor-element elementor-element-3dfb1e0 elementor-section-boxed elementor-section-height-default elementor-section-height-default\" data-id=\"3dfb1e0\" data-element_type=\"section\" data-e-type=\"section\">\n\t\t\t\t\t\t<div class=\"elementor-container elementor-column-gap-default\">\n\t\t\t\t\t<div class=\"elementor-column elementor-col-66 elementor-top-column elementor-element elementor-element-1639ce1\" data-id=\"1639ce1\" data-element_type=\"column\" data-e-type=\"column\">\n\t\t\t<div class=\"elementor-widget-wrap elementor-element-populated\">\n\t\t\t\t\t\t<div class=\"elementor-element elementor-element-3d287ea elementor-widget elementor-widget-text-editor\" data-id=\"3d287ea\" data-element_type=\"widget\" data-e-type=\"widget\" data-widget_type=\"text-editor.default\">\n\t\t\t\t<div class=\"elementor-widget-container\">\n\t\t\t\t\t\t\t\t\t<h3>Hor\u00e1rio de Funcionamento<\/h3><ul><li>De SEG a SEX das 08:00 \u00e0s 12:00 hs e das 14:00 \u00e0s 17:00 hs.<\/li><li>S\u00e1bado: 8:00 \u00e0s 11:00h e das 15:30 \u00e0s 18:00h<\/li><li>Domingo: 8:00 \u00e0s 12:00h<\/li><\/ul><p><strong>Marca\u00e7\u00e3o de missas e batizados:<\/strong> Segundas, Ter\u00e7as, Quartas e Sextas com Ana Paula das 08:00-12:00.<br \/>Casamentos: Segunda a Sexta no hor\u00e1rio comercial com Elvira.<\/p><h4>Documentos necess\u00e1rios para casamento<\/h4><p><strong>1\u00aa Etapa para dar entrada nos documentos do casal:<\/strong><\/p><ul><li>Certid\u00e3o de batismo atualizada de cada um, cuja validade \u00e9 de no m\u00e1ximo 6 meses.<\/li><li>Xerox da identidade dos noivos.<\/li><li>Xerox do comprovante de resid\u00eancia do casal.<\/li><\/ul><p><strong>2\u00aa Etapa: providenciar os documentos abaixo:<\/strong><\/p><ul><li>Certificado do curso de noivos.<\/li><li>Quatro testemunhas, que n\u00e3o podem ser fam\u00edlia imediata (pais ou irm\u00e3os). Informar o nome completo com o n\u00ba do RG de cada testemunha.<\/li><li>Entrevista com o Padre, marcada antecipadamente (Dias e hor\u00e1rios: ter\u00e7a, quarta, sexta e s\u00e1bado das 7:30h \u00e0s 9:00h).<\/li><li>Transfer\u00eancia da Par\u00f3quia de origem.<\/li><li>Certid\u00e3o de habilita\u00e7\u00e3o de Casamento Civil (Cart\u00f3rio). Casamentos realizados nas Capelanias da Par\u00f3quia (Santu\u00e1rio Santo Ant\u00f4nio da Barra, Mosteiro Nossa Senhora da Gra\u00e7a, Capela do Divino Espirito Santo &#8211; Instituto Feminino, Igreja Bom Jesus dos Aflitos).<\/li><\/ul><p>Obs: A documenta\u00e7\u00e3o dever\u00e1 ser encaminhada \u00e0 Par\u00f3quia do noivo ou da noiva no prazo estabelecido de 3 (tr\u00eas) meses antes do casamento.<\/p><p><strong>Brech\u00f3 Cheias de Gra\u00e7a:<\/strong>\u00a0Funciona toda ter\u00e7a das 9:00 \u00e0s 17:00h no andar superior da Igreja<\/p><p><strong>Ter\u00e7o com os homens:<\/strong> Toda ter\u00e7a, \u00e0s 19:30h<\/p><p><strong>Adora\u00e7\u00e3o ao Sant\u00edssimo:<\/strong> Toda quinta, \u00e0s 15:00h<\/p><p><strong>Missas do Apostolado da Ora\u00e7\u00e3o:<\/strong> 1\u00aa sexta-feira do m\u00eas, \u00e0s 17h<\/p><p><strong>Oficina de Ora\u00e7\u00e3o e Vida<\/strong><\/p><p><strong>Aprenda a orar para viver melhor.<\/strong><\/p><p><strong>LOCAL:<\/strong> IGREJA DA VIT\u00d3RIA<\/p><p><strong>INICIO:<\/strong> 05\/03\/2026\u00a0(quinta-feira) &#8211; 19h30<\/p><p>Informa\u00e7\u00f5es com Arn\u00f3bio, tel: 98856-2608 e Telma, tel: 99168-1057 ou na Secretaria Paroquial.<\/p>\t\t\t\t\t\t\t\t<\/div>\n\t\t\t\t<\/div>\n\t\t\t\t<div class=\"elementor-element elementor-element-7689a5f elementor-hidden-desktop elementor-hidden-tablet elementor-hidden-mobile elementor-widget elementor-widget-text-editor\" data-id=\"7689a5f\" data-element_type=\"widget\" data-e-type=\"widget\" data-widget_type=\"text-editor.default\">\n\t\t\t\t<div class=\"elementor-widget-container\">\n\t\t\t\t\t\t\t\t\t<p><strong>Hor\u00e1rio de Funcionamento<\/strong><\/p><p>De SEG a SEX das 08:00 \u00e0s 12:00 hs e das 14:00 \u00e0s 17:00 hs.<\/p><p>S\u00e1bado: 8:00 \u00e0s 11:00h e das 15:30 \u00e0s 18:00h<\/p><p>Domingo: 8:00 \u00e0s 12:00h<\/p><ul><li>Marca\u00e7\u00e3o de missas e batizados: Segundas, Ter\u00e7as, Quartas e Sextas com Ana Paula das 08:00-12:00.<\/li><li>Casamentos: Segunda a Sexta no hor\u00e1rio comercial com Elvira.<\/li><\/ul><p><strong>Documentos necess\u00e1rios para casamento<\/strong><\/p><p><em><strong>1\u00aa Etapa para dar entrada nos documentos do casal:<\/strong><\/em><\/p><p>Certid\u00e3o de batismo atualizada de cada um, cuja validade \u00e9 de no m\u00e1ximo 6 meses.<\/p><p>Xerox da identidade dos noivos.<\/p><p>Xerox do comprovante de resid\u00eancia do casal.<\/p><p><em><strong>2\u00aa Etapa: providenciar os documentos abaixo:<\/strong><\/em><\/p><p>Certificado do curso de noivos.<\/p><p>Quatro testemunhas, que n\u00e3o podem ser fam\u00edlia imediata (pais ou irm\u00e3os). Informar o nome completo com o n\u00ba do RG de cada testemunha.<\/p><p>Entrevista com o Padre, marcada antecipadamente (Dias e hor\u00e1rios: ter\u00e7a, quarta, sexta e s\u00e1bado das 7:30h \u00e0s 9:00h).<\/p><p>Transfer\u00eancia da Par\u00f3quia de origem.<\/p><p>Certid\u00e3o de habilita\u00e7\u00e3o de Casamento Civil (Cart\u00f3rio). Casamentos realizados nas Capelanias da Par\u00f3quia (Santu\u00e1rio Santo Ant\u00f4nio da Barra, Mosteiro Nossa Senhora da Gra\u00e7a, Capela do Divino Espirito Santo &#8211; Instituto Feminino, Igreja Bom Jesus dos Aflitos).<\/p><p><em><strong>Obs:<\/strong> A documenta\u00e7\u00e3o dever\u00e1 ser encaminhada \u00e0 Par\u00f3quia do noivo ou da noiva no prazo estabelecido de 3 (tr\u00eas) meses antes do casamento.<\/em><\/p>\t\t\t\t\t\t\t\t<\/div>\n\t\t\t\t<\/div>\n\t\t\t\t<div class=\"elementor-element elementor-element-b697d33 elementor-hidden-desktop elementor-hidden-tablet elementor-hidden-mobile elementor-widget elementor-widget-text-editor\" data-id=\"b697d33\" data-element_type=\"widget\" data-e-type=\"widget\" data-widget_type=\"text-editor.default\">\n\t\t\t\t<div class=\"elementor-widget-container\">\n\t\t\t\t\t\t\t\t\t<p><strong>Hor\u00e1rio de Funcionamento<\/strong><\/p><p>De SEG a SEX das 08:00 \u00e0s 12:00 hs e das 14:00 \u00e0s 17:00 hs.<\/p><p>S\u00e1bado: 8:00 \u00e0s 11:00h e das 15:30 \u00e0s 18:00h<\/p><p>Domingo: 8:00 \u00e0s 12:00h<\/p><ul><li>Marca\u00e7\u00e3o de missas e batizados: Segundas, Ter\u00e7as, Quartas e Sextas com Ana Paula das 08:00-12:00.<\/li><li>Casamentos: Segunda a Sexta no hor\u00e1rio comercial com Elvira.<\/li><\/ul><p><strong>Documentos necess\u00e1rios para casamento<\/strong><\/p><p><em><strong>1\u00aa Etapa para dar entrada nos documentos do casal:<\/strong><\/em><\/p><p>Certid\u00e3o de batismo atualizada de cada um, cuja validade \u00e9 de no m\u00e1ximo 6 meses.<\/p><p>Xerox da identidade dos noivos.<\/p><p>Xerox do comprovante de resid\u00eancia do casal.<\/p><p><em><strong>2\u00aa Etapa: providenciar os documentos abaixo:<\/strong><\/em><\/p><p>Certificado do curso de noivos.<\/p><p>Quatro testemunhas, que n\u00e3o podem ser fam\u00edlia imediata (pais ou irm\u00e3os). Informar o nome completo com o n\u00ba do RG de cada testemunha.<\/p><p>Entrevista com o Padre, marcada antecipadamente (Dias e hor\u00e1rios: ter\u00e7a, quarta, sexta e s\u00e1bado das 7:30h \u00e0s 9:00h).<\/p><p>Transfer\u00eancia da Par\u00f3quia de origem.<\/p><p>Certid\u00e3o de habilita\u00e7\u00e3o de Casamento Civil (Cart\u00f3rio). Casamentos realizados nas Capelanias da Par\u00f3quia (Santu\u00e1rio Santo Ant\u00f4nio da Barra, Mosteiro Nossa Senhora da Gra\u00e7a, Capela do Divino Espirito Santo &#8211; Instituto Feminino, Igreja Bom Jesus dos Aflitos).<\/p><p><em><strong>Obs:<\/strong> A documenta\u00e7\u00e3o dever\u00e1 ser encaminhada \u00e0 Par\u00f3quia do noivo ou da noiva no prazo estabelecido de 3 (tr\u00eas) meses antes do casamento.<\/em><\/p><p><strong>Brech\u00f3 Cheias de Gra\u00e7a:\u00a0<\/strong>Funciona toda ter\u00e7a das 9:00 \u00e0s 17:00h no andar superior da Igreja<\/p><p><strong>Ter\u00e7o com os homens:<\/strong> Toda ter\u00e7a, \u00e0s 19:30h<\/p><p><strong>Missas do Apostolado da Ora\u00e7\u00e3o:<\/strong> 1\u00aa sexta-feira do m\u00eas, \u00e0s 17h<\/p><p><strong>Oficina de Ora\u00e7\u00e3o e Vida<\/strong><\/p><p><span style=\"color: var( --e-global-color-text ); font-family: var( --e-global-typography-text-font-family ), Sans-serif; font-weight: var( --e-global-typography-text-font-weight ); font-size: 1rem;\">Aprenda a orar para viver melhor.<\/span><\/p><p><strong>LOCAL<\/strong>: IGREJA DA VIT\u00d3RIA<\/p><p><strong>INICIO<\/strong>:<strong> 05\/03\/2026\u00a0<\/strong>(quinta-feira) &#8211; 19h30<\/p><p><strong>Informa\u00e7\u00f5es com Arn\u00f3bio, tel: 98856-2608 e Telma, tel: 99168-1057 ou na Secretaria Paroquial.<\/strong><\/p>\t\t\t\t\t\t\t\t<\/div>\n\t\t\t\t<\/div>\n\t\t\t\t\t<\/div>\n\t\t<\/div>\n\t\t\t\t<div class=\"elementor-column elementor-col-33 elementor-top-column elementor-element elementor-element-5c9af4f elementor-hidden-desktop elementor-hidden-tablet\" data-id=\"5c9af4f\" data-element_type=\"column\" data-e-type=\"column\" data-settings=\"{&quot;background_background&quot;:&quot;gradient&quot;}\">\n\t\t\t<div class=\"elementor-widget-wrap elementor-element-populated\">\n\t\t\t\t\t\t<div class=\"elementor-element elementor-element-9fa400f elementor-widget elementor-widget-text-editor\" data-id=\"9fa400f\" data-element_type=\"widget\" data-e-type=\"widget\" data-widget_type=\"text-editor.default\">\n\t\t\t\t<div class=\"elementor-widget-container\">\n\t\t\t\t\t\t\t\t\t<h2 style=\"text-align: center;\"><strong>Cursos<\/strong><\/h2><h4><strong>Curso de Batismo<\/strong><\/h4><p>Inscri\u00e7\u00f5es para o encontro de prepara\u00e7\u00e3o para pais e padrinhos de Batismo.<\/p><p><strong>Data do Encontro:<\/strong> Toda Segunda &#8211; feira \u00e0s 20:00 h na Igreja.<\/p><p><strong>INFORMA\u00c7\u00d5ES IMPORTANTES:<\/strong><\/p><ul><li>Apresentar documento de identifica\u00e7\u00e3o com foto no dia do encontro.<\/li><li>Chegar com anteced\u00eancia de 15 minutos.<\/li><li>O certificado \u00e9 aceito em todas as arquidioceses e \u00e9 v\u00e1lido por 2(dois) anos.<\/li><\/ul><p><strong>Documentos Padrinhos: S\u00e3o requisitos para ser padrinho\/madrinha:<\/strong><\/p><p>Ser cat\u00f3lico(a)<\/p><p>Ter idade m\u00ednima de 16 (dezesseis) anos<\/p><p>Comprovante de participa\u00e7\u00e3o no Encontro de Forma\u00e7\u00e3o de Pais e Padrinhos.<\/p><p><strong>Documentos Pais<\/strong><\/p><p>Certid\u00e3o de nascimento da crian\u00e7a.<\/p><p>Comprovante de participa\u00e7\u00e3o no Encontro de Forma\u00e7\u00e3o de Pais e Padrinhos.<\/p><p>Autoriza\u00e7\u00e3o da Par\u00f3quia de origem (caso residam em outro bairro).<\/p><h4><strong>Curso de Noivos<\/strong><\/h4><p><a href=\"https:\/\/paroquiadavitoria.org.br\/index.php\/encontro-de-noivos\">Clique aqui<\/a> e fa\u00e7a o seu cadastro no Curso de Noivos.<!--As inscri\u00e7\u00f5es para o Curso de Noivos de 13.12.25 das 13:00 \u00e0s 17:00h. <a href=\"https:\/\/paroquiadavitoria.org.br\/index.php\/encontro-de-noivos\">Clique aqui.<\/a>--><\/p><h4><span style=\"color: #000080;\"><strong>Batizados<\/strong><\/span><\/h4><p>Todos os domingos \u00e0s 10:00 hs.<\/p><h4><span style=\"color: #000080;\"><strong>Catequese e Crisma<\/strong><\/span><\/h4><p>Prepara\u00e7\u00e3o para <strong>Catequese <a href=\"https:\/\/paroquiadavitoria.org.br\/index.php\/inscricao-catequese\/\">clique aqui<\/a><\/strong> e fa\u00e7a sua inscri\u00e7\u00e3o. <strong>Os encontros ser\u00e3o aos s\u00e1bados \u00e0s 16h na Igreja &#8211; catequese para crian\u00e7as em vista da Primeira Eucaristia.<\/strong><\/p><p>Prepara\u00e7\u00e3o para<strong> Crisma <a href=\"https:\/\/paroquiadavitoria.org.br\/index.php\/inscricao-crisma-2023\/\">clique aqui<\/a><\/strong> e fa\u00e7a sua inscri\u00e7\u00e3o. <strong>Inicio dos encontros da Crisma dia 28.04.2026 \u00e0s 20:00hs<\/strong><\/p><p><strong>Confirmar informa\u00e7\u00e3o com a secretaria paroquial. Fone: (71) 3012-2341<\/strong><\/p>\t\t\t\t\t\t\t\t<\/div>\n\t\t\t\t<\/div>\n\t\t\t\t\t<\/div>\n\t\t<\/div>\n\t\t\t\t\t<\/div>\n\t\t<\/section>\n\t\t\t\t<\/div>\n\t\t","protected":false},"excerpt":{"rendered":"<p>Secretaria Hor\u00e1rio de Funcionamento De SEG a SEX das 08:00 \u00e0s 12:00 hs e das 14:00 \u00e0s 17:00 hs. S\u00e1bado: 8:00 \u00e0s 11:00h e das 15:30 \u00e0s 18:00h Domingo: 8:00 [&hellip;]<\/p>\n","protected":false},"author":1,"featured_media":0,"parent":0,"menu_order":0,"comment_status":"closed","ping_status":"closed","template":"elementor_header_footer","meta":{"footnotes":""},"class_list":["post-110","page","type-page","status-publish","hentry"],"_links":{"self":[{"href":"https:\/\/paroquiadavitoria.org.br\/index.php\/wp-json\/wp\/v2\/pages\/110","targetHints":{"allow":["GET"]}}],"collection":[{"href":"https:\/\/paroquiadavitoria.org.br\/index.php\/wp-json\/wp\/v2\/pages"}],"about":[{"href":"https:\/\/paroquiadavitoria.org.br\/index.php\/wp-json\/wp\/v2\/types\/page"}],"author":[{"embeddable":true,"href":"https:\/\/paroquiadavitoria.org.br\/index.php\/wp-json\/wp\/v2\/users\/1"}],"replies":[{"embeddable":true,"href":"https:\/\/paroquiadavitoria.org.br\/index.php\/wp-json\/wp\/v2\/comments?post=110"}],"version-history":[{"count":294,"href":"https:\/\/paroquiadavitoria.org.br\/index.php\/wp-json\/wp\/v2\/pages\/110\/revisions"}],"predecessor-version":[{"id":3820,"href":"https:\/\/paroquiadavitoria.org.br\/index.php\/wp-json\/wp\/v2\/pages\/110\/revisions\/3820"}],"wp:attachment":[{"href":"https:\/\/paroquiadavitoria.org.br\/index.php\/wp-json\/wp\/v2\/media?parent=110"}],"curies":[{"name":"wp","href":"https:\/\/api.w.org\/{rel}","templated":true}]}}