{"id":1524,"date":"2023-01-23T07:16:18","date_gmt":"2023-01-23T10:16:18","guid":{"rendered":"https:\/\/paroquiadavitoria.org.br\/?page_id=1524"},"modified":"2026-04-13T08:47:45","modified_gmt":"2026-04-13T11:47:45","slug":"inscricao-catequese","status":"publish","type":"page","link":"https:\/\/paroquiadavitoria.org.br\/index.php\/inscricao-catequese\/","title":{"rendered":"Inscri\u00e7\u00e3o Catequese"},"content":{"rendered":"\t\t<div data-elementor-type=\"wp-page\" data-elementor-id=\"1524\" class=\"elementor elementor-1524\">\n\t\t\t\t\t\t<section class=\"elementor-section elementor-top-section elementor-element elementor-element-1f4b0f0 elementor-section-boxed elementor-section-height-default elementor-section-height-default\" data-id=\"1f4b0f0\" data-element_type=\"section\" data-e-type=\"section\">\n\t\t\t\t\t\t<div class=\"elementor-container elementor-column-gap-default\">\n\t\t\t\t\t<div class=\"elementor-column elementor-col-100 elementor-top-column elementor-element elementor-element-27991c2\" data-id=\"27991c2\" data-element_type=\"column\" data-e-type=\"column\">\n\t\t\t<div class=\"elementor-widget-wrap elementor-element-populated\">\n\t\t\t\t\t\t<div class=\"elementor-element elementor-element-0cfa226 elementor-widget elementor-widget-heading\" data-id=\"0cfa226\" data-element_type=\"widget\" data-e-type=\"widget\" data-widget_type=\"heading.default\">\n\t\t\t\t<div class=\"elementor-widget-container\">\n\t\t\t\t\t<h2 class=\"elementor-heading-title elementor-size-default\">Ficha de Inscri\u00e7\u00e3o Catequese<\/h2>\t\t\t\t<\/div>\n\t\t\t\t<\/div>\n\t\t\t\t<div class=\"elementor-element elementor-element-0a1b1be elementor-hidden-desktop elementor-hidden-tablet elementor-hidden-mobile elementor-widget elementor-widget-text-editor\" data-id=\"0a1b1be\" data-element_type=\"widget\" data-e-type=\"widget\" data-widget_type=\"text-editor.default\">\n\t\t\t\t<div class=\"elementor-widget-container\">\n\t\t\t\t\t\t\t\t\t<p>Esgotado! Em breve abriremos novas inscri\u00e7\u00f5es.<\/p>\t\t\t\t\t\t\t\t<\/div>\n\t\t\t\t<\/div>\n\t\t\t\t\t<\/div>\n\t\t<\/div>\n\t\t\t\t\t<\/div>\n\t\t<\/section>\n\t\t\t\t<section class=\"elementor-section elementor-top-section elementor-element elementor-element-f9be172 elementor-section-boxed elementor-section-height-default elementor-section-height-default\" data-id=\"f9be172\" data-element_type=\"section\" data-e-type=\"section\">\n\t\t\t\t\t\t<div class=\"elementor-container elementor-column-gap-default\">\n\t\t\t\t\t<div class=\"elementor-column elementor-col-100 elementor-top-column elementor-element elementor-element-ae3f198\" data-id=\"ae3f198\" data-element_type=\"column\" data-e-type=\"column\">\n\t\t\t<div class=\"elementor-widget-wrap elementor-element-populated\">\n\t\t\t\t\t\t<div class=\"elementor-element elementor-element-ab19daa elementor-widget elementor-widget-shortcode\" data-id=\"ab19daa\" data-element_type=\"widget\" data-e-type=\"widget\" data-widget_type=\"shortcode.default\">\n\t\t\t\t<div class=\"elementor-widget-container\">\n\t\t\t\t\t\t\t<div class=\"elementor-shortcode\">        <style>\r\n            .cate-form-container { font-family: sans-serif; width: 100%; border: none; }\r\n            .cate-section { padding: 20px 0; border-bottom: 1px solid #eee; }\r\n            .cate-section h2 { color: #3f5a9a; font-size: 22px; margin-bottom: 20px; border-left: 5px solid #ed1f24; padding-left: 10px; }\r\n            .cate-grid { display: grid; grid-template-columns: 1fr 1fr; gap: 15px; }\r\n            .cate-full { grid-column: span 2; }\r\n            .cate-field label { display: block; font-weight: bold; margin-bottom: 5px; }\r\n            .cate-field input, .cate-field select { width: 100%; padding: 12px; border: 1px solid #ccc; border-radius: 4px; box-sizing: border-box; }\r\n            .cate-btn { background: #3f5a9a; color: white; border: none; padding: 20px; width: 100%; font-size: 18px; font-weight: bold; cursor: pointer; margin-top: 20px; }\r\n            @media (max-width: 600px) { .cate-grid { grid-template-columns: 1fr; } .cate-full { grid-column: span 1; } }\r\n        <\/style>\r\n        <div class=\"cate-form-container\">\r\n                        <form action=\"https:\/\/paroquiadavitoria.org.br\/wp-admin\/admin-post.php\" method=\"post\">\r\n                <input type=\"hidden\" name=\"action\" value=\"processar_catequese\">\r\n                <input type=\"hidden\" name=\"redirect_to\" value=\"\/\/paroquiadavitoria.org.br\/index.php\/wp-json\/wp\/v2\/pages\/1524\">\r\n                <div class=\"cate-section\"><label><strong>Turma:<\/strong><\/label><select name=\"turma_id\" required><option value=\"3725\">Catequese 2026<\/option><\/select><\/div>\r\n                <div class=\"cate-section\"><h2>Dados do Catequizando<\/h2><div class=\"cate-grid\"><div class=\"cate-full cate-field\"><label>Nome Completo<\/label><input type=\"text\" name=\"nome\" required><\/div><div class=\"cate-field\"><label>Data Nascimento<\/label><input type=\"date\" name=\"nascimento\" id=\"cat_nasc\" required><\/div><div class=\"cate-field\"><label>Idade<\/label><input type=\"text\" name=\"idade\" id=\"cat_idade\" readonly style=\"background:#f9f9f9\"><\/div><div class=\"cate-field\"><label>Batizado?<\/label><select name=\"batizado\"><option value=\"Sim\">Sim<\/option><option value=\"N\u00e3o\">N\u00e3o<\/option><\/select><\/div><div class=\"cate-field\"><label>Naturalidade<\/label><input type=\"text\" name=\"naturalidade\" required><\/div><div class=\"cate-full cate-field\"><label>Telefone<\/label><input type=\"tel\" name=\"telefone\" required><\/div><\/div><\/div>\r\n                <div class=\"cate-section\"><h2>Filia\u00e7\u00e3o - Pai<\/h2><div class=\"cate-grid\"><div class=\"cate-full cate-field\"><label>Nome do Pai<\/label><input type=\"text\" name=\"pai_nome\"><\/div><div class=\"cate-full cate-field\"><label>Endere\u00e7o<\/label><input type=\"text\" name=\"pai_end\"><\/div><div class=\"cate-field\"><label>Bairro<\/label><input type=\"text\" name=\"pai_bairro\"><\/div><div class=\"cate-field\"><label>CEP<\/label><input type=\"text\" name=\"pai_cep\"><\/div><div class=\"cate-field\"><label>Telefone<\/label><input type=\"tel\" name=\"pai_tel\"><\/div><div class=\"cate-field\"><label>E-mail<\/label><input type=\"email\" name=\"pai_email\"><\/div><\/div><\/div>\r\n                <div class=\"cate-section\"><h2>Filia\u00e7\u00e3o - M\u00e3e<\/h2><div class=\"cate-grid\"><div class=\"cate-full cate-field\"><label>Nome da M\u00e3e<\/label><input type=\"text\" name=\"mae_nome\"><\/div><div class=\"cate-full cate-field\"><label>Endere\u00e7o<\/label><input type=\"text\" name=\"mae_end\"><\/div><div class=\"cate-field\"><label>Bairro<\/label><input type=\"text\" name=\"mae_bairro\"><\/div><div class=\"cate-field\"><label>CEP<\/label><input type=\"text\" name=\"mae_cep\"><\/div><div class=\"cate-field\"><label>Telefone<\/label><input type=\"tel\" name=\"mae_tel\"><\/div><div class=\"cate-field\"><label>E-mail<\/label><input type=\"email\" name=\"mae_email\"><\/div><\/div><\/div>\r\n                <div class=\"cate-section\"><div class=\"cate-field\"><label>Catequista Respons\u00e1vel<\/label><input type=\"text\" name=\"catequista_resp\"><\/div><\/div>\r\n                <button type=\"submit\" class=\"cate-btn\">ENVIAR INSCRI\u00c7\u00c3O<\/button>\r\n            <\/form>\r\n        <\/div>\r\n        <script>document.getElementById('cat_nasc').addEventListener('change',function(){const b=new Date(this.value);const t=new Date();let a=t.getFullYear()-b.getFullYear();if(t.getMonth()<b.getMonth()||(t.getMonth()===b.getMonth()&&t.getDate()<b.getDate()))a--;document.getElementById('cat_idade').value=a>=0?a:0;});<\/script>\r\n        <\/div>\n\t\t\t\t\t\t<\/div>\n\t\t\t\t<\/div>\n\t\t\t\t\t<\/div>\n\t\t<\/div>\n\t\t\t\t\t<\/div>\n\t\t<\/section>\n\t\t\t\t<section class=\"elementor-section elementor-top-section elementor-element elementor-element-3dfb1e0 elementor-hidden-desktop elementor-hidden-tablet elementor-hidden-mobile elementor-section-boxed elementor-section-height-default elementor-section-height-default\" data-id=\"3dfb1e0\" data-element_type=\"section\" data-e-type=\"section\">\n\t\t\t\t\t\t<div class=\"elementor-container elementor-column-gap-default\">\n\t\t\t\t\t<div class=\"elementor-column elementor-col-100 elementor-top-column elementor-element elementor-element-1639ce1\" data-id=\"1639ce1\" data-element_type=\"column\" data-e-type=\"column\">\n\t\t\t<div class=\"elementor-widget-wrap elementor-element-populated\">\n\t\t\t\t\t\t<div class=\"elementor-element elementor-element-e4290f9 elementor-widget elementor-widget-shortcode\" data-id=\"e4290f9\" data-element_type=\"widget\" data-e-type=\"widget\" data-widget_type=\"shortcode.default\">\n\t\t\t\t<div class=\"elementor-widget-container\">\n\t\t\t\t\t\t\t<div class=\"elementor-shortcode\">\n<div class=\"wpcf7 no-js\" id=\"wpcf7-f1523-o1\" lang=\"pt-BR\" dir=\"ltr\" data-wpcf7-id=\"1523\">\n<div class=\"screen-reader-response\"><p role=\"status\" aria-live=\"polite\" aria-atomic=\"true\"><\/p> <ul><\/ul><\/div>\n<form action=\"\/index.php\/wp-json\/wp\/v2\/pages\/1524#wpcf7-f1523-o1\" method=\"post\" class=\"wpcf7-form init\" aria-label=\"Formul\u00e1rios de contato\" novalidate=\"novalidate\" data-status=\"init\">\n<fieldset class=\"hidden-fields-container\"><input type=\"hidden\" name=\"_wpcf7\" value=\"1523\" \/><input type=\"hidden\" name=\"_wpcf7_version\" value=\"6.1.5\" \/><input type=\"hidden\" name=\"_wpcf7_locale\" value=\"pt_BR\" \/><input type=\"hidden\" name=\"_wpcf7_unit_tag\" value=\"wpcf7-f1523-o1\" \/><input type=\"hidden\" name=\"_wpcf7_container_post\" value=\"0\" \/><input type=\"hidden\" name=\"_wpcf7_posted_data_hash\" value=\"\" \/><input type=\"hidden\" name=\"_wpcf7_recaptcha_response\" value=\"\" \/>\n<\/fieldset>\n<p><label> Nome<br \/>\n<span class=\"wpcf7-form-control-wrap\" data-name=\"name-catequizando\"><input size=\"40\" maxlength=\"400\" class=\"wpcf7-form-control wpcf7-text\" aria-invalid=\"false\" value=\"\" type=\"text\" name=\"name-catequizando\" \/><\/span> <\/label>\n<\/p>\n<p><label> Data de Nascimento<br \/>\n<span class=\"wpcf7-form-control-wrap\" data-name=\"date-birth\"><input class=\"wpcf7-form-control wpcf7-date wpcf7-validates-as-date\" aria-invalid=\"false\" value=\"\" type=\"date\" name=\"date-birth\" \/><\/span><br \/>\n<\/label>\n<\/p>\n<p><label> Idade<br \/>\n<span class=\"wpcf7-form-control-wrap\" data-name=\"idade-catequisando\"><input class=\"wpcf7-form-control wpcf7-number wpcf7-validates-as-number\" aria-invalid=\"false\" value=\"\" type=\"number\" name=\"idade-catequisando\" \/><\/span><br \/>\n<\/label>\n<\/p>\n<p>Batizado(a)?<br \/>\n<span class=\"wpcf7-form-control-wrap\" data-name=\"batizado\"><span class=\"wpcf7-form-control wpcf7-checkbox\"><span class=\"wpcf7-list-item first\"><input type=\"checkbox\" name=\"batizado[]\" value=\"Sim\" \/><span class=\"wpcf7-list-item-label\">Sim<\/span><\/span><span class=\"wpcf7-list-item last\"><input type=\"checkbox\" name=\"batizado[]\" value=\"N\u00e3o\" \/><span class=\"wpcf7-list-item-label\">N\u00e3o<\/span><\/span><\/span><\/span>\n<\/p>\n<p><label> Naturalidade<br \/>\n<span class=\"wpcf7-form-control-wrap\" data-name=\"naturalidade-catequizando\"><input size=\"40\" maxlength=\"400\" class=\"wpcf7-form-control wpcf7-text\" aria-invalid=\"false\" value=\"\" type=\"text\" name=\"naturalidade-catequizando\" \/><\/span> <\/label>\n<\/p>\n<p><label> Telefone<br \/>\n<span class=\"wpcf7-form-control-wrap\" data-name=\"tel-batizado\"><input size=\"40\" maxlength=\"400\" class=\"wpcf7-form-control wpcf7-tel wpcf7-text wpcf7-validates-as-tel\" aria-invalid=\"false\" value=\"\" type=\"tel\" name=\"tel-batizado\" \/><\/span><br \/>\n<\/label>\n<\/p>\n<h3> FILIA\u00c7\u00c3O\n<\/h3>\n<p><label> <strong> Nome do Pai <\/strong><br \/>\n<span class=\"wpcf7-form-control-wrap\" data-name=\"name-father\"><input size=\"40\" maxlength=\"400\" class=\"wpcf7-form-control wpcf7-text\" aria-invalid=\"false\" value=\"\" type=\"text\" name=\"name-father\" \/><\/span> <\/label>\n<\/p>\n<p><label> Endere\u00e7o<br \/>\n<span class=\"wpcf7-form-control-wrap\" data-name=\"andress-father\"><input size=\"40\" maxlength=\"400\" class=\"wpcf7-form-control wpcf7-text\" aria-invalid=\"false\" value=\"\" type=\"text\" name=\"andress-father\" \/><\/span><br \/>\n<\/label>\n<\/p>\n<p><label> Bairro<br \/>\n<span class=\"wpcf7-form-control-wrap\" data-name=\"bairro-father\"><input size=\"40\" maxlength=\"400\" class=\"wpcf7-form-control wpcf7-text\" aria-invalid=\"false\" value=\"\" type=\"text\" name=\"bairro-father\" \/><\/span><br \/>\n<\/label>\n<\/p>\n<p><label> CEP:<br \/>\n<span class=\"wpcf7-form-control-wrap\" data-name=\"cep-father\"><input size=\"40\" maxlength=\"400\" class=\"wpcf7-form-control wpcf7-text\" aria-invalid=\"false\" value=\"\" type=\"text\" name=\"cep-father\" \/><\/span><br \/>\n<\/label>\n<\/p>\n<p><label> Telefone<br \/>\n<span class=\"wpcf7-form-control-wrap\" data-name=\"tel-father\"><input size=\"40\" maxlength=\"400\" class=\"wpcf7-form-control wpcf7-tel wpcf7-text wpcf7-validates-as-tel\" aria-invalid=\"false\" value=\"\" type=\"tel\" name=\"tel-father\" \/><\/span><br \/>\n<\/label>\n<\/p>\n<p><label> E-mail<br \/>\n<span class=\"wpcf7-form-control-wrap\" data-name=\"email-father\"><input size=\"40\" maxlength=\"400\" class=\"wpcf7-form-control wpcf7-email wpcf7-text wpcf7-validates-as-email\" aria-invalid=\"false\" value=\"\" type=\"email\" name=\"email-father\" \/><\/span><br \/>\n<\/label>\n<\/p>\n<p><label> <strong> Nome da M\u00e3e <\/strong><br \/>\n<span class=\"wpcf7-form-control-wrap\" data-name=\"name-mom\"><input size=\"40\" maxlength=\"400\" class=\"wpcf7-form-control wpcf7-text\" aria-invalid=\"false\" value=\"\" type=\"text\" name=\"name-mom\" \/><\/span> <\/label>\n<\/p>\n<p><label> Endere\u00e7o<br \/>\n<span class=\"wpcf7-form-control-wrap\" data-name=\"andress-mom\"><input size=\"40\" maxlength=\"400\" class=\"wpcf7-form-control wpcf7-text\" aria-invalid=\"false\" value=\"\" type=\"text\" name=\"andress-mom\" \/><\/span><br \/>\n<\/label>\n<\/p>\n<p><label> Bairro<br \/>\n<span class=\"wpcf7-form-control-wrap\" data-name=\"bairro-mom\"><input size=\"40\" maxlength=\"400\" class=\"wpcf7-form-control wpcf7-text\" aria-invalid=\"false\" value=\"\" type=\"text\" name=\"bairro-mom\" \/><\/span><br \/>\n<\/label>\n<\/p>\n<p><label> CEP:<br \/>\n<span class=\"wpcf7-form-control-wrap\" data-name=\"cep-mom\"><input size=\"40\" maxlength=\"400\" class=\"wpcf7-form-control wpcf7-text\" aria-invalid=\"false\" value=\"\" type=\"text\" name=\"cep-mom\" \/><\/span><br \/>\n<\/label>\n<\/p>\n<p><label> Telefone<br \/>\n<span class=\"wpcf7-form-control-wrap\" data-name=\"tel-mom\"><input size=\"40\" maxlength=\"400\" class=\"wpcf7-form-control wpcf7-tel wpcf7-text wpcf7-validates-as-tel\" aria-invalid=\"false\" value=\"\" type=\"tel\" name=\"tel-mom\" \/><\/span><br \/>\n<\/label>\n<\/p>\n<p><label> E-mail<br \/>\n<span class=\"wpcf7-form-control-wrap\" data-name=\"email-mom\"><input size=\"40\" maxlength=\"400\" class=\"wpcf7-form-control wpcf7-email wpcf7-text wpcf7-validates-as-email\" aria-invalid=\"false\" value=\"\" type=\"email\" name=\"email-mom\" \/><\/span><br \/>\n<\/label>\n<\/p>\n<p><label> Catequista respons\u00e1vel<br \/>\n<span class=\"wpcf7-form-control-wrap\" data-name=\"name-catequista\"><input size=\"40\" maxlength=\"400\" class=\"wpcf7-form-control wpcf7-text\" aria-invalid=\"false\" value=\"\" type=\"text\" name=\"name-catequista\" \/><\/span><br \/>\n<\/label>\n<\/p>\n<p><label> Data de Inscri\u00e7\u00e3o<br \/>\n<span class=\"wpcf7-form-control-wrap\" data-name=\"date-subscription\"><input class=\"wpcf7-form-control wpcf7-date wpcf7-validates-as-date\" aria-invalid=\"false\" value=\"\" type=\"date\" name=\"date-subscription\" \/><\/span><br \/>\n<\/label>\n<\/p>\n<p><input class=\"wpcf7-form-control wpcf7-submit has-spinner\" type=\"submit\" value=\"Enviar\" \/>\n<\/p><div class=\"wpcf7-response-output\" aria-hidden=\"true\"><\/div>\n<\/form>\n<\/div>\n<\/div>\n\t\t\t\t\t\t<\/div>\n\t\t\t\t<\/div>\n\t\t\t\t\t<\/div>\n\t\t<\/div>\n\t\t\t\t\t<\/div>\n\t\t<\/section>\n\t\t\t\t<\/div>\n\t\t","protected":false},"excerpt":{"rendered":"<p>Ficha de Inscri\u00e7\u00e3o Catequese Esgotado! Em breve abriremos novas inscri\u00e7\u00f5es.<\/p>\n","protected":false},"author":1,"featured_media":0,"parent":0,"menu_order":0,"comment_status":"closed","ping_status":"closed","template":"elementor_header_footer","meta":{"footnotes":""},"class_list":["post-1524","page","type-page","status-publish","hentry"],"_links":{"self":[{"href":"https:\/\/paroquiadavitoria.org.br\/index.php\/wp-json\/wp\/v2\/pages\/1524","targetHints":{"allow":["GET"]}}],"collection":[{"href":"https:\/\/paroquiadavitoria.org.br\/index.php\/wp-json\/wp\/v2\/pages"}],"about":[{"href":"https:\/\/paroquiadavitoria.org.br\/index.php\/wp-json\/wp\/v2\/types\/page"}],"author":[{"embeddable":true,"href":"https:\/\/paroquiadavitoria.org.br\/index.php\/wp-json\/wp\/v2\/users\/1"}],"replies":[{"embeddable":true,"href":"https:\/\/paroquiadavitoria.org.br\/index.php\/wp-json\/wp\/v2\/comments?post=1524"}],"version-history":[{"count":19,"href":"https:\/\/paroquiadavitoria.org.br\/index.php\/wp-json\/wp\/v2\/pages\/1524\/revisions"}],"predecessor-version":[{"id":3728,"href":"https:\/\/paroquiadavitoria.org.br\/index.php\/wp-json\/wp\/v2\/pages\/1524\/revisions\/3728"}],"wp:attachment":[{"href":"https:\/\/paroquiadavitoria.org.br\/index.php\/wp-json\/wp\/v2\/media?parent=1524"}],"curies":[{"name":"wp","href":"https:\/\/api.w.org\/{rel}","templated":true}]}}