{"id":171,"date":"2022-10-27T10:29:43","date_gmt":"2022-10-27T13:29:43","guid":{"rendered":"https:\/\/paroquiadavitoria.org.br\/?page_id=171"},"modified":"2023-07-24T12:44:51","modified_gmt":"2023-07-24T15:44:51","slug":"oracoes","status":"publish","type":"page","link":"https:\/\/paroquiadavitoria.org.br\/index.php\/oracoes\/","title":{"rendered":"Ora\u00e7\u00f5es"},"content":{"rendered":"\t\t<div data-elementor-type=\"wp-page\" data-elementor-id=\"171\" class=\"elementor elementor-171\">\n\t\t\t\t\t\t<section class=\"elementor-section elementor-top-section elementor-element elementor-element-15bdb1c elementor-section-boxed elementor-section-height-default elementor-section-height-default\" data-id=\"15bdb1c\" data-element_type=\"section\" data-e-type=\"section\">\n\t\t\t\t\t\t<div class=\"elementor-container elementor-column-gap-default\">\n\t\t\t\t\t<div class=\"elementor-column elementor-col-100 elementor-top-column elementor-element elementor-element-28bbe38\" data-id=\"28bbe38\" data-element_type=\"column\" data-e-type=\"column\">\n\t\t\t<div class=\"elementor-widget-wrap elementor-element-populated\">\n\t\t\t\t\t\t<div class=\"elementor-element elementor-element-2179917 elementor-widget elementor-widget-heading\" data-id=\"2179917\" data-element_type=\"widget\" data-e-type=\"widget\" data-widget_type=\"heading.default\">\n\t\t\t\t<div class=\"elementor-widget-container\">\n\t\t\t\t\t<h2 class=\"elementor-heading-title elementor-size-default\">Ora\u00e7\u00f5es<\/h2>\t\t\t\t<\/div>\n\t\t\t\t<\/div>\n\t\t\t\t<div class=\"elementor-element elementor-element-6581ced elementor-widget elementor-widget-heading\" data-id=\"6581ced\" data-element_type=\"widget\" data-e-type=\"widget\" data-widget_type=\"heading.default\">\n\t\t\t\t<div class=\"elementor-widget-container\">\n\t\t\t\t\t<h2 class=\"elementor-heading-title elementor-size-default\">Nos passos de MARIA, caminho seguro para JESUS.<\/h2>\t\t\t\t<\/div>\n\t\t\t\t<\/div>\n\t\t\t\t\t<\/div>\n\t\t<\/div>\n\t\t\t\t\t<\/div>\n\t\t<\/section>\n\t\t\t\t<section class=\"elementor-section elementor-top-section elementor-element elementor-element-78cb57d elementor-section-boxed elementor-section-height-default elementor-section-height-default\" data-id=\"78cb57d\" data-element_type=\"section\" data-e-type=\"section\">\n\t\t\t\t\t\t<div class=\"elementor-container elementor-column-gap-default\">\n\t\t\t\t\t<div class=\"elementor-column elementor-col-100 elementor-top-column elementor-element elementor-element-dc3ea15\" data-id=\"dc3ea15\" data-element_type=\"column\" data-e-type=\"column\">\n\t\t\t<div class=\"elementor-widget-wrap elementor-element-populated\">\n\t\t\t\t\t\t<div class=\"elementor-element elementor-element-bf85a49 elementor-widget elementor-widget-text-editor\" data-id=\"bf85a49\" data-element_type=\"widget\" data-e-type=\"widget\" data-widget_type=\"text-editor.default\">\n\t\t\t\t<div class=\"elementor-widget-container\">\n\t\t\t\t\t\t\t\t\t<p style=\"text-align: center;\"><img fetchpriority=\"high\" decoding=\"async\" class=\"alignnone size-full wp-image-1323 aligncenter\" src=\"https:\/\/paroquiadavitoria.org.br\/wp-content\/uploads\/2023\/01\/Imagem1.jpg\" alt=\"\" width=\"293\" height=\"234\" \/><strong>Magnificat<\/strong><\/p><p style=\"text-align: center;\">A minha alma engrandece ao meu Senhor<br \/>E meu esp\u00edrito exulta de alegria em Deus, meu Salvador!<br \/>Porque olhou para a humildade de sua pobre serva;<br \/>doravante todas as gera\u00e7\u00f5es me chamar\u00e3o bendita,<br \/>Porque o Poderoso fez em mim maravilhas, Santo \u00e9 o seu nome!<br \/>Manifestou o poder do seu bra\u00e7o<br \/>Desconcertou os cora\u00e7\u00f5es dos soberbos<br \/>Derrubou do trono os poderosos,<br \/>e exaltou os humildes.<br \/>Saciou de bens os famintos,<br \/>e despediu os ricos de m\u00e3os vazias.<br \/>Acolheu a Israel, seu servo,<br \/>lembrado de sua miseric\u00f3rdia;<br \/>conforme prometera a nossos pais,<br \/>em favor de Abra\u00e3o e de sua posteridade, para sempre.<br \/>Gl\u00f3ria ao Pai, ao Filho, e ao Esp\u00edrito Santo.<br \/>Assim como era no princ\u00edpio, agora e sempre, Am\u00e9m.<\/p><p><img decoding=\"async\" class=\"size-medium wp-image-2591 aligncenter\" src=\"https:\/\/paroquiadavitoria.org.br\/wp-content\/uploads\/2023\/07\/IMG_7567-225x300.jpg\" alt=\"\" width=\"225\" height=\"300\" srcset=\"https:\/\/paroquiadavitoria.org.br\/wp-content\/uploads\/2023\/07\/IMG_7567-225x300.jpg 225w, https:\/\/paroquiadavitoria.org.br\/wp-content\/uploads\/2023\/07\/IMG_7567-768x1024.jpg 768w, https:\/\/paroquiadavitoria.org.br\/wp-content\/uploads\/2023\/07\/IMG_7567-1152x1536.jpg 1152w, https:\/\/paroquiadavitoria.org.br\/wp-content\/uploads\/2023\/07\/IMG_7567-rotated.jpg 1512w\" sizes=\"(max-width: 225px) 100vw, 225px\" \/><\/p><p style=\"text-align: center;\"><strong>S\u00daPLICA A NOSSA SENHORA<\/strong><\/p><p style=\"text-align: center;\">Debaixo de Vossa\u00a0 prote\u00e7\u00e3o n\u00f3s todos nos colocamos,\u00a0 \u00f3 M\u00e3e Santissima, para que nos livreis de todos os perigos do corpo e da alma, nos livreis das agress\u00f5es, das viol\u00eancias, dos desastres, dos assaltos, das doen\u00e7as e das maldades humanas. Concedei-nos a paz da vida, a sa\u00fade do corpo, a perseveran\u00e7a na f\u00e9, a alegria de viver e a felicidade eterna. Am\u00e9m.<\/p><p><img decoding=\"async\" class=\"size-medium wp-image-1328 aligncenter\" src=\"https:\/\/paroquiadavitoria.org.br\/wp-content\/uploads\/2023\/01\/Imagem2-219x300.jpg\" alt=\"\" width=\"219\" height=\"300\" srcset=\"https:\/\/paroquiadavitoria.org.br\/wp-content\/uploads\/2023\/01\/Imagem2-219x300.jpg 219w, https:\/\/paroquiadavitoria.org.br\/wp-content\/uploads\/2023\/01\/Imagem2.jpg 510w\" sizes=\"(max-width: 219px) 100vw, 219px\" \/><\/p><p style=\"text-align: center;\"><strong>Consagra\u00e7\u00e3o a Nossa Senhora<\/strong><br \/>\u00d3 Maria Sant\u00edssima, que em vossa querida Imagem de Aparecida espalhais in\u00fameros benef\u00edcios sobre todo o Brasil; eu, embora indigno de pertencer ao n\u00famero dos vossos filhos e filhas, mas cheio do desejo de participar dos benef\u00edcios de vossa miseric\u00f3rdia prostrado a vossos p\u00e9s consagro-vos meu entendimento, para que sempre pense no amor que mereceis.<br \/>Consagro-vos minha l\u00edngua, para que sempre vos louve e propague vossa devo\u00e7\u00e3o.<br \/>Consagro-vos meu cora\u00e7\u00e3o, para que, depois de Deus, vos ame sobre todas as coisas.<br \/>Recebei-me, \u00f3 Rainha incompar\u00e1vel, no ditoso n\u00famero de vossos filhos e filhas.<br \/>Acolhei-me debaixo de vossa prote\u00e7\u00e3o.<br \/>Socorrei-me em todas as minhas necessidades espirituais e temporais e, sobretudo, na hora de minha morte.<br \/>Aben\u00e7oai-me, \u00f3 M\u00e3e Celestial, e com vossa poderosa intercess\u00e3o fortalecei-me em minha fraqueza, a fim de que, servindo-vos fielmente nesta vida, possa louvar-vos, amar-vos e dar-vos gra\u00e7as no c\u00e9u, por toda eternidade. Assim seja.<\/p><p><img loading=\"lazy\" decoding=\"async\" class=\"alignnone size-full wp-image-1338 aligncenter\" src=\"https:\/\/paroquiadavitoria.org.br\/wp-content\/uploads\/2023\/01\/Imagem3.jpg\" alt=\"\" width=\"285\" height=\"238\" \/><\/p><p style=\"text-align: center;\"><strong>Ave Maria<\/strong><br \/>Ave Maria cheia de gra\u00e7a, o Senhor \u00e9 convosco, bendita sois V\u00f3s entre as mulheres, e bendito \u00e9 o fruto do vosso ventre, Jesus. Santa Maria, M\u00e3e de Deus, rogai por n\u00f3s pecadores, agora e na hora da nossa morte. Am\u00e9m.<\/p><p><img loading=\"lazy\" decoding=\"async\" class=\"alignnone size-medium wp-image-1345 aligncenter\" src=\"https:\/\/paroquiadavitoria.org.br\/wp-content\/uploads\/2023\/01\/Imagem4-225x300.jpg\" alt=\"\" width=\"225\" height=\"300\" srcset=\"https:\/\/paroquiadavitoria.org.br\/wp-content\/uploads\/2023\/01\/Imagem4-225x300.jpg 225w, https:\/\/paroquiadavitoria.org.br\/wp-content\/uploads\/2023\/01\/Imagem4.jpg 305w\" sizes=\"(max-width: 225px) 100vw, 225px\" \/><\/p><p style=\"text-align: center;\"><strong>Ora\u00e7\u00e3o do \u00c2ngelus<\/strong><br \/>O \u00c2ngelus \u00e9 uma ora\u00e7\u00e3o muito antiga que faz mem\u00f3ria da Anuncia\u00e7\u00e3o do Anjo Gabriel \u00e0 Nossa Senhora. \u00c9 costume rez\u00e1-lo \u00e0s 6h, 12h e 18h. Quem n\u00e3o puder guardar este hor\u00e1rio, pode rez\u00e1-lo ao levantar, na hora do almo\u00e7o e ao deitar.<br \/>V\/ O Anjo do Senhor anunciou a Maria,<br \/>R\/ E Ela concebeu do Esp\u00edrito Santo.<br \/>Ave Maria&#8230;<br \/>V\/ Eis a escrava do Senhor.<br \/>R\/ Fa\u00e7a-se em mim segundo a Vossa palavra.<br \/>Ave Maria&#8230;<br \/>V\/ E o Verbo se fez Carne,<br \/>R\/ E habitou entre n\u00f3s.<br \/>Ave Maria&#8230;<br \/>V\/ Rogai por n\u00f3s, Santa M\u00e3e de Deus,<br \/>R\/ Para que sejamos dignos das promessas de Cristo.<br \/>OREMOS:<br \/>Infundi, Senhor, em nossos cora\u00e7\u00f5es, a Vossa Gra\u00e7a, Vo-lo suplicamos, a fim de que, tendo conhecido pela Anuncia\u00e7\u00e3o do Anjo, a encarna\u00e7\u00e3o de Jesus Cristo, Vosso Filho, pelos merecimentos da Sua Paix\u00e3o e Morte na Cruz, sejamos conduzidos \u00e0 gl\u00f3ria da Ressurrei\u00e7\u00e3o. Isso Vos Pedimos \u00d3 Pai, Por Jesus Cristo, Vosso Filho e nosso Senhor.<\/p><p><img loading=\"lazy\" decoding=\"async\" class=\"alignnone size-medium wp-image-1349 aligncenter\" src=\"https:\/\/paroquiadavitoria.org.br\/wp-content\/uploads\/2023\/01\/Imagem5-300x256.jpg\" alt=\"\" width=\"300\" height=\"256\" srcset=\"https:\/\/paroquiadavitoria.org.br\/wp-content\/uploads\/2023\/01\/Imagem5-300x256.jpg 300w, https:\/\/paroquiadavitoria.org.br\/wp-content\/uploads\/2023\/01\/Imagem5.jpg 567w\" sizes=\"(max-width: 300px) 100vw, 300px\" \/><\/p><p style=\"text-align: center;\"><strong>Salve Rainha<\/strong><br \/>Salve, Rainha, M\u00e3e de miseric\u00f3rdia, Vida, do\u00e7ura e esperan\u00e7a nossa, salve! A v\u00f3s bradamos os degredados filhos de Eva; a v\u00f3s suspiramos, gemendo e chorando neste vale de l\u00e1grimas. Eia, pois, advogada nossa, esses vossos olhos misericordiosos a n\u00f3s volvei e depois deste desterro mostrai-nos Jesus, bendito fruto do vosso ventre, \u00f3 clemente, \u00f3 piedosa, \u00f3 doce sempre virgem Maria!<br \/>Rogai por n\u00f3s, Santa M\u00e3e de Deus.<br \/>Para que sejamos dignos das promessas de Cristo.<\/p><p><img loading=\"lazy\" decoding=\"async\" class=\"alignnone size-full wp-image-1353 aligncenter\" src=\"https:\/\/paroquiadavitoria.org.br\/wp-content\/uploads\/2023\/01\/Imagem6.jpg\" alt=\"\" width=\"130\" height=\"140\" \/><\/p><p style=\"text-align: center;\"><strong>Ladainha de Nossa Senhora<\/strong><br \/>Senhor, tende piedade de n\u00f3s. Jesus Cristo, tende piedade de n\u00f3s. Senhor, tende piedade de n\u00f3s.<br \/>Jesus Cristo, ouvi-nos. Jesus Cristo, atendei-nos.<br \/>Pai celeste que sois Deus, tende piedade de n\u00f3s.<br \/>Filho, Redentor do mundo, que sois Deus, tende piedade de n\u00f3s.<br \/>Esp\u00edrito Santo, que sois Deus, tende piedade de n\u00f3s.<br \/>Sant\u00edssima Trindade, que sois um s\u00f3 Deus, tende piedade de n\u00f3s.<br \/>Santa Maria, rogai por n\u00f3s.<br \/>Santa M\u00e3e de Deus, rogai por n\u00f3s.<br \/>Santa Virgem das Virgens, rogai por n\u00f3s.<br \/>M\u00e3e de Jesus Cristo, rogai por n\u00f3s.<br \/>M\u00e3e da divina gra\u00e7a, rogai por n\u00f3s.<br \/>M\u00e3e pur\u00edssima, rogai por n\u00f3s.<br \/>M\u00e3e cast\u00edssima, rogai por n\u00f3s.<br \/>M\u00e3e imaculada, rogai por n\u00f3s.<br \/>M\u00e3e intacta, rogai por n\u00f3s.<br \/>M\u00e3e am\u00e1vel, rogai por n\u00f3s.<br \/>M\u00e3e admir\u00e1vel, rogai por n\u00f3s.<br \/>M\u00e3e do bom conselho, rogai por n\u00f3s.<br \/>M\u00e3e do Criador, rogai por n\u00f3s.<br \/>M\u00e3e do Salvador, rogai por n\u00f3s.<br \/>Virgem prudent\u00edssima, rogai por n\u00f3s.<br \/>Virgem vener\u00e1vel, rogai por n\u00f3s.<br \/>Virgem louv\u00e1vel, rogai por n\u00f3s.<br \/>Virgem poderosa, rogai por n\u00f3s.<br \/>Virgem clemente, rogai por n\u00f3s.<br \/>Virgem fiel, rogai por n\u00f3s.<br \/>Espelho de justi\u00e7a, rogai por n\u00f3s.<br \/>Sede de sabedoria, rogai por n\u00f3s.<br \/>Causa da nossa alegria, rogai por n\u00f3s.<br \/>Vaso espiritual, rogai por n\u00f3s.<br \/>Vaso honor\u00edfico, rogai por n\u00f3s.<br \/>Vaso ins\u00edgne de devo\u00e7\u00e3o, rogai por n\u00f3s.<br \/>Rosa m\u00edstica, rogai por n\u00f3s.<br \/>Torre de Davi, rogai por n\u00f3s.<br \/>Torre de marfim, rogai por n\u00f3s.<br \/>Casa de ouro, rogai por n\u00f3s.<br \/>Arca da alian\u00e7a, rogai por n\u00f3s.<br \/>Porta do c\u00e9u, rogai por n\u00f3s.<br \/>Estrela da manh\u00e3, rogai por n\u00f3s.<br \/>Sa\u00fade dos enfermos, rogai por n\u00f3s.<br \/>Ref\u00fagio dos pecadores, rogai por n\u00f3s.<br \/>Consoladora dos aflitos, rogai por n\u00f3s.<br \/>Aux\u00edlio dos crist\u00e3os, rogai por n\u00f3s.<br \/>Rainha dos anjos, rogai por n\u00f3s.<br \/>Rainha dos patriarcas, rogai por n\u00f3s.<br \/>Rainha dos profetas, rogai por n\u00f3s.<br \/>Rainha dos ap\u00f3stolos, rogai por n\u00f3s.<br \/>Rainha dos m\u00e1rtires, rogai por n\u00f3s.<br \/>Rainha dos confessores, rogai por n\u00f3s.<br \/>Rainha das virgens, rogai por n\u00f3s.<br \/>Rainha de todos os santos, rogai por n\u00f3s.<br \/>Rainha concebida sem pecado original, rogai por n\u00f3s.<br \/>Rainha elevada ao c\u00e9u, rogai por n\u00f3s.<br \/>Rainha do sacrat\u00edssimo Ros\u00e1rio, rogai por n\u00f3s.<br \/>Rainha da paz, rogai por n\u00f3s.<br \/>Cordeiro de Deus, que tirais os pecados do mundo, perdoai-nos Senhor.<br \/>Cordeiro de Deus, que tirais os pecados do mundo, ouvi-nos Senhor.<br \/>Cordeiro de Deus, que tirais os pecados do mundo, tende piedade de n\u00f3s.<br \/>V. Rogai por n\u00f3s, Santa M\u00e3e de Deus,<br \/>R. Para que sejamos dignos das promessas de Cristo.<br \/>Oremos. Senhor Deus, n\u00f3s Vos suplicamos que concedais aos vossos servos perp\u00e9tua sa\u00fade de alma e de corpo; e que, pela gloriosa intercess\u00e3o da bem-aventurada sempre Virgem Maria, sejamos livres da presente tristeza e gozemos da eterna alegria. Por Cristo Nosso Senhor. Am\u00e9m.<\/p><p><img loading=\"lazy\" decoding=\"async\" class=\"alignnone size-medium wp-image-1360 aligncenter\" src=\"https:\/\/paroquiadavitoria.org.br\/wp-content\/uploads\/2023\/01\/Imagem7-224x300.jpg\" alt=\"\" width=\"224\" height=\"300\" srcset=\"https:\/\/paroquiadavitoria.org.br\/wp-content\/uploads\/2023\/01\/Imagem7-224x300.jpg 224w, https:\/\/paroquiadavitoria.org.br\/wp-content\/uploads\/2023\/01\/Imagem7.jpg 322w\" sizes=\"(max-width: 224px) 100vw, 224px\" \/><\/p><p style=\"text-align: center;\"><strong>Consagra\u00e7\u00e3o ao Imaculado cora\u00e7\u00e3o de Maria<\/strong><br \/>\u00d3 Cora\u00e7\u00e3o Imaculado de Maria,<br \/>Repleto de bondade, mostrai-nos o Vosso amor.<br \/>A chama do vosso Cora\u00e7\u00e3o, \u00f3 Maria, des\u00e7a sobre todos os homens!<br \/>N\u00f3s Vos amamos infinitamente!<br \/>Imprimi nos nossos cora\u00e7\u00f5es o verdadeiro amor,<br \/>para que sintamos o desejo de Vos buscar incessantemente.<br \/>\u00d3 Maria, V\u00f3s que tendes um Cora\u00e7\u00e3o suave e humilde<br \/>lembrai-vos de n\u00f3s quando ca\u00edrmos no pecado.<br \/>V\u00f3s sabeis que todos os homens pecam.<br \/>Concedei que, por meio de Vosso Imaculado e Materno Cora\u00e7\u00e3o,<br \/>sejamos curados de toda doen\u00e7a espiritual.<br \/>Fazei que possamos sempre contemplar a bondade de Vosso Materno Cora\u00e7\u00e3o<br \/>e nos convertamos por meio da chama do Vosso Cora\u00e7\u00e3o.<br \/>Am\u00e9m.<\/p><p><img loading=\"lazy\" decoding=\"async\" class=\"alignnone size-medium wp-image-1368 aligncenter\" src=\"https:\/\/paroquiadavitoria.org.br\/wp-content\/uploads\/2023\/01\/IMG_7569-221x300.jpg\" alt=\"\" width=\"221\" height=\"300\" srcset=\"https:\/\/paroquiadavitoria.org.br\/wp-content\/uploads\/2023\/01\/IMG_7569-221x300.jpg 221w, https:\/\/paroquiadavitoria.org.br\/wp-content\/uploads\/2023\/01\/IMG_7569-756x1024.jpg 756w, https:\/\/paroquiadavitoria.org.br\/wp-content\/uploads\/2023\/01\/IMG_7569-768x1040.jpg 768w, https:\/\/paroquiadavitoria.org.br\/wp-content\/uploads\/2023\/01\/IMG_7569-1134x1536.jpg 1134w, https:\/\/paroquiadavitoria.org.br\/wp-content\/uploads\/2023\/01\/IMG_7569.jpg 1381w\" sizes=\"(max-width: 221px) 100vw, 221px\" \/><\/p><p style=\"text-align: center;\"><strong>Lembrai-Vos<\/strong><\/p><p style=\"text-align: center;\">Lembrai-Vos, \u00f3 pi\u00edssima Virgem Maria, de<br \/>que nunca se ouviu dizer<br \/>que algum daqueles<br \/>que tivesse recorrido \u00e0 vossa prote\u00e7\u00e3o,<br \/>implorado a vossa assist\u00eancia,<br \/>e reclamado o vosso socorro,<br \/>fosse por V\u00f3s desamparado.<br \/>Animado eu, pois, com igual confian\u00e7a,<br \/>a V\u00f3s, Virgem das virgens,<br \/>como a M\u00e3e recorro,<br \/>de V\u00f3s me valho e,<br \/>gemendo sob o peso dos meus pecados,<br \/>me prostro aos Vossos p\u00e9s.<br \/>N\u00e3o desprezeis as minhas s\u00faplicas,<br \/>\u00f3 M\u00e3e do Filho de Deus humanado,<br \/>mas dignai-Vos<br \/>de as ouvir prop\u00edcia<br \/>e de me alcan\u00e7ar o que Vos rogo. Am\u00e9m.<\/p><p style=\"text-align: center;\">\u00a0<\/p>\t\t\t\t\t\t\t\t<\/div>\n\t\t\t\t<\/div>\n\t\t\t\t\t<\/div>\n\t\t<\/div>\n\t\t\t\t\t<\/div>\n\t\t<\/section>\n\t\t\t\t<\/div>\n\t\t","protected":false},"excerpt":{"rendered":"<p>Ora\u00e7\u00f5es Nos passos de MARIA, caminho seguro para JESUS. Magnificat A minha alma engrandece ao meu SenhorE meu esp\u00edrito exulta de alegria em Deus, meu Salvador!Porque olhou para a humildade [&hellip;]<\/p>\n","protected":false},"author":1,"featured_media":0,"parent":0,"menu_order":0,"comment_status":"closed","ping_status":"closed","template":"elementor_header_footer","meta":{"footnotes":""},"class_list":["post-171","page","type-page","status-publish","hentry"],"_links":{"self":[{"href":"https:\/\/paroquiadavitoria.org.br\/index.php\/wp-json\/wp\/v2\/pages\/171","targetHints":{"allow":["GET"]}}],"collection":[{"href":"https:\/\/paroquiadavitoria.org.br\/index.php\/wp-json\/wp\/v2\/pages"}],"about":[{"href":"https:\/\/paroquiadavitoria.org.br\/index.php\/wp-json\/wp\/v2\/types\/page"}],"author":[{"embeddable":true,"href":"https:\/\/paroquiadavitoria.org.br\/index.php\/wp-json\/wp\/v2\/users\/1"}],"replies":[{"embeddable":true,"href":"https:\/\/paroquiadavitoria.org.br\/index.php\/wp-json\/wp\/v2\/comments?post=171"}],"version-history":[{"count":61,"href":"https:\/\/paroquiadavitoria.org.br\/index.php\/wp-json\/wp\/v2\/pages\/171\/revisions"}],"predecessor-version":[{"id":2594,"href":"https:\/\/paroquiadavitoria.org.br\/index.php\/wp-json\/wp\/v2\/pages\/171\/revisions\/2594"}],"wp:attachment":[{"href":"https:\/\/paroquiadavitoria.org.br\/index.php\/wp-json\/wp\/v2\/media?parent=171"}],"curies":[{"name":"wp","href":"https:\/\/api.w.org\/{rel}","templated":true}]}}