{"id":286,"date":"2022-10-28T07:27:02","date_gmt":"2022-10-28T10:27:02","guid":{"rendered":"https:\/\/paroquiadavitoria.org.br\/?page_id=286"},"modified":"2026-03-29T11:24:06","modified_gmt":"2026-03-29T14:24:06","slug":"pastorais","status":"publish","type":"page","link":"https:\/\/paroquiadavitoria.org.br\/index.php\/pastorais\/","title":{"rendered":"Pastorais"},"content":{"rendered":"\t\t<div data-elementor-type=\"wp-page\" data-elementor-id=\"286\" class=\"elementor elementor-286\">\n\t\t\t\t\t\t<section class=\"elementor-section elementor-top-section elementor-element elementor-element-3269e69 elementor-section-boxed elementor-section-height-default elementor-section-height-default\" data-id=\"3269e69\" data-element_type=\"section\" data-e-type=\"section\">\n\t\t\t\t\t\t<div class=\"elementor-container elementor-column-gap-default\">\n\t\t\t\t\t<div class=\"elementor-column elementor-col-100 elementor-top-column elementor-element elementor-element-87db998\" data-id=\"87db998\" data-element_type=\"column\" data-e-type=\"column\">\n\t\t\t<div class=\"elementor-widget-wrap elementor-element-populated\">\n\t\t\t\t\t\t<div class=\"elementor-element elementor-element-115a174 elementor-widget elementor-widget-heading\" data-id=\"115a174\" data-element_type=\"widget\" data-e-type=\"widget\" data-widget_type=\"heading.default\">\n\t\t\t\t<div class=\"elementor-widget-container\">\n\t\t\t\t\t<h2 class=\"elementor-heading-title elementor-size-default\">Pastorais<\/h2>\t\t\t\t<\/div>\n\t\t\t\t<\/div>\n\t\t\t\t\t<\/div>\n\t\t<\/div>\n\t\t\t\t\t<\/div>\n\t\t<\/section>\n\t\t\t\t<section class=\"elementor-section elementor-top-section elementor-element elementor-element-60be82c elementor-section-boxed elementor-section-height-default elementor-section-height-default\" data-id=\"60be82c\" data-element_type=\"section\" data-e-type=\"section\">\n\t\t\t\t\t\t<div class=\"elementor-container elementor-column-gap-default\">\n\t\t\t\t\t<div class=\"elementor-column elementor-col-100 elementor-top-column elementor-element elementor-element-0ae8eef\" data-id=\"0ae8eef\" data-element_type=\"column\" data-e-type=\"column\">\n\t\t\t<div class=\"elementor-widget-wrap elementor-element-populated\">\n\t\t\t\t\t\t<div class=\"elementor-element elementor-element-87dbef4 elementor-widget elementor-widget-text-editor\" data-id=\"87dbef4\" data-element_type=\"widget\" data-e-type=\"widget\" data-widget_type=\"text-editor.default\">\n\t\t\t\t<div class=\"elementor-widget-container\">\n\t\t\t\t\t\t\t\t\t<h2>O que \u00e9 Pastoral?<\/h2><h3>As Pastorais da Par\u00f3quia<\/h3><p style=\"text-align: left;\">As Pastorais s\u00e3o organiza\u00e7\u00f5es da Par\u00f3quia que t\u00eam em comum o interesse de melhorar a vida religiosa da comunidade e atuar exercendo trabalho social.<\/p><p style=\"text-align: left;\">Atrav\u00e9s das pastorais \u00e9 que institui\u00e7\u00f5es como a Creche Nossa Senhora Da Vit\u00f3ria, o Centro Social de Sa\u00fade Esmeralda Da Natividade e a Escola Paroquial Da Vit\u00f3ria ganham for\u00e7a para cumprir o papel solid\u00e1rio com a comunidade mais carente.<\/p><p style=\"text-align: left;\">Existem na Par\u00f3quia um total de 25 pastorais, com destaque para a Pastoral do D\u00edzimo, pois \u00e9 atrav\u00e9s desse grupo e de seus colaboradores que os projetos da igreja se concretizam, e se tornam a\u00e7\u00f5es que melhoram a vida de pessoas necessitadas de amparo social. Al\u00e9m das institui\u00e7\u00f5es, as pastorais tamb\u00e9m cumprem o papel de evangeliza\u00e7\u00e3o, consolida\u00e7\u00e3o da f\u00e9, ou seja atua na dimens\u00e3o religiosa, mission\u00e1ria e social.<\/p>\t\t\t\t\t\t\t\t<\/div>\n\t\t\t\t<\/div>\n\t\t\t\t\t<\/div>\n\t\t<\/div>\n\t\t\t\t\t<\/div>\n\t\t<\/section>\n\t\t\t\t<section class=\"elementor-section elementor-top-section elementor-element elementor-element-a8ec390 elementor-section-boxed elementor-section-height-default elementor-section-height-default\" data-id=\"a8ec390\" data-element_type=\"section\" data-e-type=\"section\">\n\t\t\t\t\t\t<div class=\"elementor-container elementor-column-gap-default\">\n\t\t\t\t\t<div class=\"elementor-column elementor-col-100 elementor-top-column elementor-element elementor-element-4303cb2\" data-id=\"4303cb2\" data-element_type=\"column\" data-e-type=\"column\">\n\t\t\t<div class=\"elementor-widget-wrap elementor-element-populated\">\n\t\t\t\t\t\t<div class=\"elementor-element elementor-element-d6ddfbe elementor-widget-divider--view-line_text elementor-widget-divider--element-align-center elementor-widget elementor-widget-divider\" data-id=\"d6ddfbe\" data-element_type=\"widget\" data-e-type=\"widget\" data-widget_type=\"divider.default\">\n\t\t\t\t<div class=\"elementor-widget-container\">\n\t\t\t\t\t\t\t<div class=\"elementor-divider\">\n\t\t\t<span class=\"elementor-divider-separator\">\n\t\t\t\t\t\t\t<span class=\"elementor-divider__text elementor-divider__element\">\n\t\t\t\tTodas as Pastorais\t\t\t\t<\/span>\n\t\t\t\t\t\t<\/span>\n\t\t<\/div>\n\t\t\t\t\t\t<\/div>\n\t\t\t\t<\/div>\n\t\t\t\t<div class=\"elementor-element elementor-element-b4d7191 elementor-widget elementor-widget-text-editor\" data-id=\"b4d7191\" data-element_type=\"widget\" data-e-type=\"widget\" data-widget_type=\"text-editor.default\">\n\t\t\t\t<div class=\"elementor-widget-container\">\n\t\t\t\t\t\t\t\t\t<p>Para mais detalhes clique na pastoral.<\/p>\t\t\t\t\t\t\t\t<\/div>\n\t\t\t\t<\/div>\n\t\t\t\t\t<\/div>\n\t\t<\/div>\n\t\t\t\t\t<\/div>\n\t\t<\/section>\n\t\t\t\t<section class=\"elementor-section elementor-top-section elementor-element elementor-element-44a522c elementor-section-boxed elementor-section-height-default elementor-section-height-default\" data-id=\"44a522c\" data-element_type=\"section\" data-e-type=\"section\">\n\t\t\t\t\t\t<div class=\"elementor-container elementor-column-gap-default\">\n\t\t\t\t\t<div class=\"elementor-column elementor-col-50 elementor-top-column elementor-element elementor-element-9115a55\" data-id=\"9115a55\" data-element_type=\"column\" data-e-type=\"column\">\n\t\t\t<div class=\"elementor-widget-wrap elementor-element-populated\">\n\t\t\t\t\t\t<div class=\"elementor-element elementor-element-af2af0e elementor-widget elementor-widget-text-editor\" data-id=\"af2af0e\" data-element_type=\"widget\" data-e-type=\"widget\" data-widget_type=\"text-editor.default\">\n\t\t\t\t<div class=\"elementor-widget-container\">\n\t\t\t\t\t\t\t\t\t<h4>Apostolado da Ora\u00e7\u00e3o<\/h4><h4>Batismo<\/h4><h4><a href=\"https:\/\/www.instagram.com\/brechocheiasdegraca?igsh=MXRlNmp6OTFhZm92aw==\" target=\"_blank\" rel=\"noopener\">Brech\u00f3<\/a><\/h4><h4>Catequese Escola Paroquial<\/h4><h4><a href=\"https:\/\/paroquiadavitoria.org.br\/index.php\/inscricao-catequese\/\" target=\"_blank\" rel=\"noopener\">Catequese Par\u00f3quia Nossa\u00a0Senhora da Vit\u00f3ria<\/a><\/h4><h4>Centro Social Esmeralda da Natividade<\/h4><h4>Comunica\u00e7\u00e3o<\/h4><h4>Conselho Econ\u00f4mico<\/h4><h4><a href=\"https:\/\/www.instagram.com\/coraldimaria?igsh=MXdwbWl5bnJ5amh1Ng==\" target=\"_blank\" rel=\"noopener\">Coral Di Maria<\/a><\/h4><h4>Creche Nossa Senhora da Vit\u00f3ria<\/h4><h4><a href=\"https:\/\/paroquiadavitoria.org.br\/index.php\/inscricao-crisma-2023\/\">Crisma<\/a><\/h4><h4><a href=\"https:\/\/paroquiadavitoria.org.br\/index.php\/encontro-de-noivos\">Curso de Noivos<\/a><\/h4>\t\t\t\t\t\t\t\t<\/div>\n\t\t\t\t<\/div>\n\t\t\t\t\t<\/div>\n\t\t<\/div>\n\t\t\t\t<div class=\"elementor-column elementor-col-50 elementor-top-column elementor-element elementor-element-58d5878\" data-id=\"58d5878\" data-element_type=\"column\" data-e-type=\"column\">\n\t\t\t<div class=\"elementor-widget-wrap elementor-element-populated\">\n\t\t\t\t\t\t<div class=\"elementor-element elementor-element-80173c3 elementor-widget elementor-widget-text-editor\" data-id=\"80173c3\" data-element_type=\"widget\" data-e-type=\"widget\" data-widget_type=\"text-editor.default\">\n\t\t\t\t<div class=\"elementor-widget-container\">\n\t\t\t\t\t\t\t\t\t<h4><a href=\"https:\/\/paroquiadavitoria.org.br\/index.php\/dizimo\">D\u00edzimo<\/a><\/h4><h4>Escola da F\u00e9<\/h4><h4><a href=\"https:\/\/www.instagram.com\/emparoquialvitoria?igsh=MW53dHhhZTN2M2d3cg==\" target=\"_blank\" rel=\"noopener\">Escola Paroquial Nossa Senhora da Vit\u00f3ria<\/a><\/h4><h4><a href=\"https:\/\/www.instagram.com\/feiradafraternidade?igsh=aWh2Zm02cDlleTE=\" target=\"_blank\" rel=\"noopener\">Feira da Fraternidade<\/a><\/h4><h4><a href=\"https:\/\/www.instagram.com\/grupofamiliagf?igsh=c3VldHM0MWJyN2Vw\" target=\"_blank\" rel=\"noopener\">Grupo Fam\u00edlia<\/a><\/h4><h4>Irmandade do Ros\u00e1rio<\/h4><h4>Liturgia<\/h4><h4>Lojinha Nossa Senhora da Vit\u00f3ria<\/h4><h4>Ministros da Comunh\u00e3o<\/h4><h4><a href=\"https:\/\/www.instagram.com\/movescalada?igsh=MWZ0ZjZoMjYzbGVuZg==\" target=\"_blank\" rel=\"noopener\">Movimento Escalada<\/a><\/h4><h4>Pastoral de Eventos<\/h4><h4>Ter\u00e7o dos Homens<\/h4>\t\t\t\t\t\t\t\t<\/div>\n\t\t\t\t<\/div>\n\t\t\t\t\t<\/div>\n\t\t<\/div>\n\t\t\t\t\t<\/div>\n\t\t<\/section>\n\t\t\t\t<section class=\"elementor-section elementor-top-section elementor-element elementor-element-cf427fc elementor-hidden-desktop elementor-hidden-tablet elementor-hidden-mobile elementor-section-boxed elementor-section-height-default elementor-section-height-default\" data-id=\"cf427fc\" data-element_type=\"section\" data-e-type=\"section\">\n\t\t\t\t\t\t<div class=\"elementor-container elementor-column-gap-default\">\n\t\t\t\t\t<div class=\"elementor-column elementor-col-33 elementor-top-column elementor-element elementor-element-29b6f0a\" data-id=\"29b6f0a\" data-element_type=\"column\" data-e-type=\"column\">\n\t\t\t<div class=\"elementor-widget-wrap elementor-element-populated\">\n\t\t\t\t\t\t<div class=\"elementor-element elementor-element-948a680 elementor-widget elementor-widget-text-editor\" data-id=\"948a680\" data-element_type=\"widget\" data-e-type=\"widget\" data-widget_type=\"text-editor.default\">\n\t\t\t\t<div class=\"elementor-widget-container\">\n\t\t\t\t\t\t\t\t\t<h4>Apostolado da Ora\u00e7\u00e3o<\/h4><p>Coordena\u00e7\u00e3o: Railda<\/p><h4>Ministros da Eucaristia<\/h4><p>Coordena\u00e7\u00e3o: F\u00e1tima e Mauricio Cohen<\/p><h4>Catequese \/ Crian\u00e7a<\/h4><p>Coordena\u00e7\u00e3o: Andr\u00e9 Lorenzo<\/p><h4>Batismo<\/h4><p>Coordena\u00e7\u00e3o: Otavio Kalil<\/p><h4>Crisma<\/h4><p>Coordena\u00e7\u00e3o: Gabi, T\u00falio<\/p><h4>Conselho Paroquial<\/h4><p>Os Coordenadores das pastorais<\/p><h4>Conselho Econ\u00f4mico<\/h4><p>Coordena\u00e7\u00e3o: Em\u00edlia, Benidete, Peu Cohen<\/p><h4>Vicentinas<\/h4><p>Coordena\u00e7\u00e3o:\u00a0<\/p><h4>Grupo Fam\u00edlia<\/h4><p>Coordena\u00e7\u00e3o: Liliana e Junior Passos<\/p>\t\t\t\t\t\t\t\t<\/div>\n\t\t\t\t<\/div>\n\t\t\t\t\t<\/div>\n\t\t<\/div>\n\t\t\t\t<div class=\"elementor-column elementor-col-33 elementor-top-column elementor-element elementor-element-04526e3\" data-id=\"04526e3\" data-element_type=\"column\" data-e-type=\"column\">\n\t\t\t<div class=\"elementor-widget-wrap elementor-element-populated\">\n\t\t\t\t\t\t<div class=\"elementor-element elementor-element-2e1ccd2 elementor-widget elementor-widget-text-editor\" data-id=\"2e1ccd2\" data-element_type=\"widget\" data-e-type=\"widget\" data-widget_type=\"text-editor.default\">\n\t\t\t\t<div class=\"elementor-widget-container\">\n\t\t\t\t\t\t\t\t\t<h4>Associa\u00e7\u00e3o das M\u00e3es Crist\u00e3s &#8211; Creche Nossa Senhora da Vit\u00f3ria<\/h4><p>Coordena\u00e7\u00e3o: Vera Bastos<\/p><h4>Centro Social Esmeralda da Natividade<\/h4><p>Coordena\u00e7\u00e3o: Suzana Sim\u00f5es<\/p><h4>Escola Paroquial da Vit\u00f3ria<\/h4><p>Coordena\u00e7\u00e3o: Luzia<\/p><h4>D\u00edzimo<\/h4><p>Coordena\u00e7\u00e3o:\u00a0 Benidete<\/p><h4>M\u00e3e Rainha<\/h4><p>Coordena\u00e7\u00e3o: Aurea Freitas<\/p><h4>Irmandade Nossa Senhora do Ros\u00e1rio<\/h4><p>Coordena\u00e7\u00e3o: Carlos e In\u00eas<\/p><h4>Escalada<\/h4><p>Coordena\u00e7\u00e3o: Lara<\/p><h4>Eventos<\/h4><p>Coordena\u00e7\u00e3o: M\u00e1rcia Fernandez<\/p>\t\t\t\t\t\t\t\t<\/div>\n\t\t\t\t<\/div>\n\t\t\t\t\t<\/div>\n\t\t<\/div>\n\t\t\t\t<div class=\"elementor-column elementor-col-33 elementor-top-column elementor-element elementor-element-d339307\" data-id=\"d339307\" data-element_type=\"column\" data-e-type=\"column\">\n\t\t\t<div class=\"elementor-widget-wrap elementor-element-populated\">\n\t\t\t\t\t\t<div class=\"elementor-element elementor-element-03b5ac0 elementor-widget elementor-widget-text-editor\" data-id=\"03b5ac0\" data-element_type=\"widget\" data-e-type=\"widget\" data-widget_type=\"text-editor.default\">\n\t\t\t\t<div class=\"elementor-widget-container\">\n\t\t\t\t\t\t\t\t\t<h4>Coral Di Maria<\/h4><p>Coordena\u00e7\u00e3o: Andr\u00e9 Lorenzo<\/p><h4>Pastoral da Comunica\u00e7\u00e3o<\/h4><p>Coordena\u00e7\u00e3o: T\u00falio Rocha<\/p><h4>Feira da Fraternidade<\/h4><p>Coordena\u00e7\u00e3o: Liliana Passos e Pedro Choen<\/p><h4>Ter\u00e7o com os Homens<\/h4><p>Coordena\u00e7\u00e3o: Alberto Roxo<\/p><h4>Pastoral da Liturgia<\/h4><p>Coordena\u00e7\u00e3o: Paulo Gonzalez e T\u00falio<\/p><h4>Brech\u00f3<\/h4><p>Coordena\u00e7\u00e3o: Olivia e Alessandra<\/p><h4>Oficina de Ora\u00e7\u00e3o<\/h4><p>Coordena\u00e7\u00e3o: Arn\u00f3bio e Telma<\/p><h4>Encontro de Noivos<\/h4><p>Coordena\u00e7\u00e3o: Liliana e Junior Passos<\/p><h4>Lojinha Nossa Senhora da Vit\u00f3ria<\/h4><p>Coordena\u00e7\u00e3o: Dalm\u00e1cia Cunha<\/p>\t\t\t\t\t\t\t\t<\/div>\n\t\t\t\t<\/div>\n\t\t\t\t\t<\/div>\n\t\t<\/div>\n\t\t\t\t\t<\/div>\n\t\t<\/section>\n\t\t\t\t<\/div>\n\t\t","protected":false},"excerpt":{"rendered":"<p>Pastorais O que \u00e9 Pastoral? As Pastorais da Par\u00f3quia As Pastorais s\u00e3o organiza\u00e7\u00f5es da Par\u00f3quia que t\u00eam em comum o interesse de melhorar a vida religiosa da comunidade e atuar [&hellip;]<\/p>\n","protected":false},"author":1,"featured_media":0,"parent":0,"menu_order":0,"comment_status":"closed","ping_status":"closed","template":"elementor_header_footer","meta":{"footnotes":""},"class_list":["post-286","page","type-page","status-publish","hentry"],"_links":{"self":[{"href":"https:\/\/paroquiadavitoria.org.br\/index.php\/wp-json\/wp\/v2\/pages\/286","targetHints":{"allow":["GET"]}}],"collection":[{"href":"https:\/\/paroquiadavitoria.org.br\/index.php\/wp-json\/wp\/v2\/pages"}],"about":[{"href":"https:\/\/paroquiadavitoria.org.br\/index.php\/wp-json\/wp\/v2\/types\/page"}],"author":[{"embeddable":true,"href":"https:\/\/paroquiadavitoria.org.br\/index.php\/wp-json\/wp\/v2\/users\/1"}],"replies":[{"embeddable":true,"href":"https:\/\/paroquiadavitoria.org.br\/index.php\/wp-json\/wp\/v2\/comments?post=286"}],"version-history":[{"count":371,"href":"https:\/\/paroquiadavitoria.org.br\/index.php\/wp-json\/wp\/v2\/pages\/286\/revisions"}],"predecessor-version":[{"id":3720,"href":"https:\/\/paroquiadavitoria.org.br\/index.php\/wp-json\/wp\/v2\/pages\/286\/revisions\/3720"}],"wp:attachment":[{"href":"https:\/\/paroquiadavitoria.org.br\/index.php\/wp-json\/wp\/v2\/media?parent=286"}],"curies":[{"name":"wp","href":"https:\/\/api.w.org\/{rel}","templated":true}]}}