{"id":3610,"date":"2026-03-02T08:37:03","date_gmt":"2026-03-02T11:37:03","guid":{"rendered":"https:\/\/paroquiadavitoria.org.br\/?page_id=3610"},"modified":"2026-05-10T15:21:13","modified_gmt":"2026-05-10T18:21:13","slug":"dizimo","status":"publish","type":"page","link":"https:\/\/paroquiadavitoria.org.br\/index.php\/dizimo\/","title":{"rendered":"D\u00edzimo"},"content":{"rendered":"\t\t<div data-elementor-type=\"wp-page\" data-elementor-id=\"3610\" class=\"elementor elementor-3610\">\n\t\t\t\t\t\t<section class=\"elementor-section elementor-top-section elementor-element elementor-element-31521af elementor-section-boxed elementor-section-height-default elementor-section-height-default\" data-id=\"31521af\" data-element_type=\"section\" data-e-type=\"section\">\n\t\t\t\t\t\t<div class=\"elementor-container elementor-column-gap-default\">\n\t\t\t\t\t<div class=\"elementor-column elementor-col-100 elementor-top-column elementor-element elementor-element-a724650\" data-id=\"a724650\" data-element_type=\"column\" data-e-type=\"column\">\n\t\t\t<div class=\"elementor-widget-wrap elementor-element-populated\">\n\t\t\t\t\t\t<div class=\"elementor-element elementor-element-6395e82 elementor-widget elementor-widget-heading\" data-id=\"6395e82\" data-element_type=\"widget\" data-e-type=\"widget\" data-widget_type=\"heading.default\">\n\t\t\t\t<div class=\"elementor-widget-container\">\n\t\t\t\t\t<h2 class=\"elementor-heading-title elementor-size-default\">Pastoral do D\u00edzimo<\/h2>\t\t\t\t<\/div>\n\t\t\t\t<\/div>\n\t\t\t\t\t<\/div>\n\t\t<\/div>\n\t\t\t\t\t<\/div>\n\t\t<\/section>\n\t\t\t\t<section class=\"elementor-section elementor-top-section elementor-element elementor-element-114bcd1 elementor-section-boxed elementor-section-height-default elementor-section-height-default\" data-id=\"114bcd1\" data-element_type=\"section\" data-e-type=\"section\">\n\t\t\t\t\t\t<div class=\"elementor-container elementor-column-gap-default\">\n\t\t\t\t\t<div class=\"elementor-column elementor-col-100 elementor-top-column elementor-element elementor-element-fc6d51b\" data-id=\"fc6d51b\" data-element_type=\"column\" data-e-type=\"column\">\n\t\t\t<div class=\"elementor-widget-wrap elementor-element-populated\">\n\t\t\t\t\t\t<div class=\"elementor-element elementor-element-a9d4752 elementor-widget elementor-widget-text-editor\" data-id=\"a9d4752\" data-element_type=\"widget\" data-e-type=\"widget\" data-widget_type=\"text-editor.default\">\n\t\t\t\t<div class=\"elementor-widget-container\">\n\t\t\t\t\t\t\t\t\t<p><span style=\"vertical-align: inherit;\"><span style=\"vertical-align: inherit;\">D\u00edzimo \u00e9 gesto concreto de f\u00e9, partilha e amor na comunidade.<\/span><\/span><\/p><p><span style=\"vertical-align: inherit;\"><span style=\"vertical-align: inherit;\">D\u00edzimo \u00e9 um Catequese para sermos mais Igreja.<\/span><\/span><\/p><p><span style=\"vertical-align: inherit;\"><span style=\"vertical-align: inherit;\">D\u00edzimo \u00e9 uma escola de Comunh\u00e3o.<\/span><\/span><\/p><p><span style=\"vertical-align: inherit;\"><span style=\"vertical-align: inherit;\">D\u00edzimo \u00e9 uma experi\u00eancia de oferecer o seu para o bem de todos. <\/span><span style=\"vertical-align: inherit;\">Este \u00e9 o caminho da caridade.<\/span><\/span><\/p><p><strong><a href=\"https:\/\/paroquiadavitoria.org.br\/index.php\/pastoral-do-dizimo\"><span style=\"vertical-align: inherit;\"><span style=\"vertical-align: inherit;\">Clique Aqui<\/span><\/span><\/a><span style=\"vertical-align: inherit;\"><span style=\"vertical-align: inherit;\"> \u00a0e seja dizimista.<\/span><\/span><\/strong><\/p><p><span style=\"vertical-align: inherit;\"><span style=\"vertical-align: inherit;\">Plant\u00e3o do d\u00edzimo durante o final de semana na entrada lateral da Igreja, ou durante uma semana na secretaria.<\/span><\/span><\/p><p><span style=\"vertical-align: inherit;\"><span style=\"vertical-align: inherit;\">Atrav\u00e9s de sua colabora\u00e7\u00e3o, voc\u00ea nos ajuda a cumprir nossa miss\u00e3o evangelizadora e mantermos as obras sociais da Igreja: a <\/span><\/span><strong><span style=\"vertical-align: inherit;\"><span style=\"vertical-align: inherit;\">\u00a0Creche Nossa Senhora da Vit\u00f3ria, o Centro Social M\u00e9dico e Odontol\u00f3gico e a Escola Paroquial Nossa Senhora da Vit\u00f3ria. <\/span><\/span><\/strong><span style=\"vertical-align: inherit;\"><span style=\"vertical-align: inherit;\">Sua ades\u00e3o \u00e9 muito importante para n\u00f3s! <\/span><span style=\"vertical-align: inherit;\">Atrav\u00e9s de voc\u00ea levaremos alegria, f\u00e9, amor e esperan\u00e7a para todos os mais necessitados. <\/span><span style=\"vertical-align: inherit;\">Que Nossa Senhora da Vit\u00f3ria aben\u00e7oe voc\u00ea e sua fam\u00edlia!\u00a0<\/span><\/span><\/p><p><strong><span style=\"vertical-align: inherit;\"><span style=\"vertical-align: inherit;\">Sejamos todos dizimistas!<\/span><\/span><\/strong><\/p><p><strong><span style=\"vertical-align: inherit;\"><span style=\"vertical-align: inherit;\">Suas contribui\u00e7\u00f5es podem ser feitas.<\/span><\/span><\/strong><\/p><p><strong><span style=\"vertical-align: inherit;\"><span style=\"vertical-align: inherit;\">Atrav\u00e9s do Banco do Brasil\u00a0<\/span><\/span><\/strong><\/p><p><strong><span style=\"vertical-align: inherit;\"><span style=\"vertical-align: inherit;\">Ag. <\/span><\/span><\/strong><span style=\"vertical-align: inherit;\"><span style=\"vertical-align: inherit;\">3459-2\u00a0 <\/span><\/span><strong><span style=\"vertical-align: inherit;\"><span style=\"vertical-align: inherit;\">Conta Corrente<\/span><\/span><\/strong><span style=\"vertical-align: inherit;\"><span style=\"vertical-align: inherit;\"> 29.147-1<\/span><\/span><\/p><p><strong><span style=\"vertical-align: inherit;\"><span style=\"vertical-align: inherit;\">Titular:<\/span><\/span><\/strong><span style=\"vertical-align: inherit;\"><span style=\"vertical-align: inherit;\"> Par\u00f3quia Nossa Senhora da Vit\u00f3ria<\/span><\/span><\/p><p><span style=\"vertical-align: inherit;\"><span style=\"vertical-align: inherit;\">CNPJ: 13.940.325\/0001-04<\/span><\/span><\/p><p><strong><span style=\"vertical-align: inherit;\"><span style=\"vertical-align: inherit;\">PIX: <\/span><\/span><span style=\"color: #ff0000;\"><span style=\"vertical-align: inherit;\"><span style=\"vertical-align: inherit;\">13940325\/000104<\/span><\/span><\/span><\/strong><\/p><p><span style=\"vertical-align: inherit;\"><span style=\"vertical-align: inherit;\">\u201cD\u00ea cada um conforme o impulso do seu cora\u00e7\u00e3o, sem tristeza nem constrangimento. Deus ama a quem d\u00e1 com alegria\u201d (2Cor 9,7).<\/span><\/span><\/p><h4 style=\"text-align: center;\"><span style=\"color: #ff0000;\"><strong><img decoding=\"async\" class=\"wp-image-1544 alignleft\" src=\"https:\/\/paroquiadavitoria.org.br\/wp-content\/uploads\/2023\/01\/OIP.jpg\" alt=\"\" width=\"114\" height=\"128\" \/><\/strong><\/span><\/h4><h4>\u00a0<\/h4><h4 style=\"text-align: center;\"><span style=\"color: #ff0000;\"><strong><span style=\"vertical-align: inherit;\"><span style=\"vertical-align: inherit;\">DIZIMISTAS ANIVERSARIANTES DO M\u00caS DE MAIO\/26<\/span><\/span><\/strong><\/span><\/h4><p><strong>\u00a0<\/strong><\/p><p><strong>\u00a0<\/strong><\/p><table><thead><tr><th>Nome<\/th><th>Data<\/th><\/tr><\/thead><tbody><tr><td>SONIA MARIA MORAES FERREIRA<\/td><td>01\/05<\/td><\/tr><tr><td>JOHENE NOLASCO ANDRADE<\/td><td>02\/05<\/td><\/tr><tr><td>MARIA DA GLORIA QUEIROZ SILVA<\/td><td>02\/05<\/td><\/tr><tr><td>Roberto de Almeida Borges Gomes<\/td><td>03\/05<\/td><\/tr><tr><td>LUIZ MENDONCA FILHO<\/td><td>04\/05<\/td><\/tr><tr><td>Mardilli de Angelis Baqueiro Costa<\/td><td>04\/05<\/td><\/tr><tr><td>LUIS MOREIRA SIMOES DE OLIVEIRA<\/td><td>05\/05<\/td><\/tr><tr><td>MARCIO OLIVEIRA ISABELLA<\/td><td>05\/05<\/td><\/tr><tr><td>MANOELA DOURADO BARRETO<\/td><td>05\/05<\/td><\/tr><tr><td>Dina Rita Perez Cerino<\/td><td>09\/05<\/td><\/tr><tr><td>RITA DE CASSIA AMORIM MATOS CASTRO<\/td><td>10\/05<\/td><\/tr><tr><td>Marina Queiroz Abud Gesteira<\/td><td>10\/05<\/td><\/tr><tr><td>PAULO SERGIO HERMIDA GONZALEZ<\/td><td>12\/05<\/td><\/tr><tr><td>GIESI NASCIMENTO DOS SANTOS FILHO<\/td><td>14\/05<\/td><\/tr><tr><td>LICIA DOURADO COX<\/td><td>14\/05<\/td><\/tr><tr><td>LINA CAROLINA ROSA S. MACHADO<\/td><td>15\/05<\/td><\/tr><tr><td>Norma Medrado Sampaio Pereira<\/td><td>16\/05<\/td><\/tr><tr><td>Julia Avena Espinheira<\/td><td>16\/05<\/td><\/tr><tr><td>MARIA ANGELICA SOUZA BRANDAO<\/td><td>17\/05<\/td><\/tr><tr><td>Marcia Almeida Messias de Figueiredo<\/td><td>17\/05<\/td><\/tr><tr><td>MARIA DO SOCORRO SANTA ROSA DE C. HABIB<\/td><td>18\/05<\/td><\/tr><tr><td>LUCIA MARIA DE BRITO PINA DAVANZO<\/td><td>19\/05<\/td><\/tr><tr><td>ANDREIA LUISA RODRIGUES DE SOUZA<\/td><td>21\/05<\/td><\/tr><tr><td>RAQUEL MARQUES DE O. CASTRO<\/td><td>22\/05<\/td><\/tr><tr><td>PATRICIA DOS SANTOS MIRANDA<\/td><td>24\/05<\/td><\/tr><tr><td>Tatiana Dantas da Costa Lyra<\/td><td>25\/05<\/td><\/tr><tr><td>Isabel Cristina Tourinho de Carvalho<\/td><td>26\/05<\/td><\/tr><tr><td>Stella Maria de S\u00e1 Queen<\/td><td>26\/05<\/td><\/tr><tr><td>MAURICIO COHEN<\/td><td>28\/05<\/td><\/tr><tr><td>OTACILIO COUTO GON\u00c7ALVES<\/td><td>29\/05<\/td><\/tr><tr><td>GLORIA BENVINDA SOUTO CASIMIRO BRAGA<\/td><td>29\/05<\/td><\/tr><tr><td>VERA LUCIA P. NOBRE<\/td><td>30\/05<\/td><\/tr><tr><td>Jos\u00e9 Carlos Vieira Ferreira<\/td><td>30\/05<\/td><\/tr><\/tbody><\/table><p><strong style=\"font-size: 1rem; text-align: right;\"><span style=\"vertical-align: inherit;\"><span style=\"vertical-align: inherit;\"><strong>\u00a0 \u00a0 \u00a0 \u00a0 \u00a0 \u00a0 \u00a0 \u00a0 \u00a0 \u00a0 \u00a0 \u00a0 \u00a0 \u00a0 \u00a0<\/strong> \u00a0 \u00a0 \u00a0 \u00a0 \u00a0 \u00a0 \u00a0 \u00a0 \u00a0 \u00a0 \u00a0 \u00a0 \u00a0 \u00a0 \u00a0 \u00a0 \u00a0 \u00a0 \u00a0 \u00a0 \u00a0 \u00a0 \u00a0 \u00a0 \u00a0 \u00a0 AGRADECEMOS PELA SUA DOA\u00c7\u00c3O.<\/span><\/span><\/strong><\/p>\t\t\t\t\t\t\t\t<\/div>\n\t\t\t\t<\/div>\n\t\t\t\t\t<\/div>\n\t\t<\/div>\n\t\t\t\t\t<\/div>\n\t\t<\/section>\n\t\t\t\t<\/div>\n\t\t","protected":false},"excerpt":{"rendered":"<p>Pastoral do D\u00edzimo D\u00edzimo \u00e9 gesto concreto de f\u00e9, partilha e amor na comunidade. D\u00edzimo \u00e9 um Catequese para sermos mais Igreja. D\u00edzimo \u00e9 uma escola de Comunh\u00e3o. D\u00edzimo \u00e9 [&hellip;]<\/p>\n","protected":false},"author":1,"featured_media":0,"parent":0,"menu_order":0,"comment_status":"closed","ping_status":"closed","template":"elementor_header_footer","meta":{"footnotes":""},"class_list":["post-3610","page","type-page","status-publish","hentry"],"_links":{"self":[{"href":"https:\/\/paroquiadavitoria.org.br\/index.php\/wp-json\/wp\/v2\/pages\/3610","targetHints":{"allow":["GET"]}}],"collection":[{"href":"https:\/\/paroquiadavitoria.org.br\/index.php\/wp-json\/wp\/v2\/pages"}],"about":[{"href":"https:\/\/paroquiadavitoria.org.br\/index.php\/wp-json\/wp\/v2\/types\/page"}],"author":[{"embeddable":true,"href":"https:\/\/paroquiadavitoria.org.br\/index.php\/wp-json\/wp\/v2\/users\/1"}],"replies":[{"embeddable":true,"href":"https:\/\/paroquiadavitoria.org.br\/index.php\/wp-json\/wp\/v2\/comments?post=3610"}],"version-history":[{"count":23,"href":"https:\/\/paroquiadavitoria.org.br\/index.php\/wp-json\/wp\/v2\/pages\/3610\/revisions"}],"predecessor-version":[{"id":3861,"href":"https:\/\/paroquiadavitoria.org.br\/index.php\/wp-json\/wp\/v2\/pages\/3610\/revisions\/3861"}],"wp:attachment":[{"href":"https:\/\/paroquiadavitoria.org.br\/index.php\/wp-json\/wp\/v2\/media?parent=3610"}],"curies":[{"name":"wp","href":"https:\/\/api.w.org\/{rel}","templated":true}]}}