{"id":3777,"date":"2026-04-14T18:29:34","date_gmt":"2026-04-14T21:29:34","guid":{"rendered":"https:\/\/paroquiadavitoria.org.br\/?page_id=3777"},"modified":"2026-04-14T18:36:43","modified_gmt":"2026-04-14T21:36:43","slug":"terco-dos-homens","status":"publish","type":"page","link":"https:\/\/paroquiadavitoria.org.br\/index.php\/terco-dos-homens\/","title":{"rendered":"Ter\u00e7o dos Homens"},"content":{"rendered":"\t\t<div data-elementor-type=\"wp-page\" data-elementor-id=\"3777\" class=\"elementor elementor-3777\">\n\t\t\t\t\t\t<section class=\"elementor-section elementor-top-section elementor-element elementor-element-22d05a0 elementor-section-boxed elementor-section-height-default elementor-section-height-default\" data-id=\"22d05a0\" data-element_type=\"section\" data-e-type=\"section\">\n\t\t\t\t\t\t<div class=\"elementor-container elementor-column-gap-default\">\n\t\t\t\t\t<div class=\"elementor-column elementor-col-100 elementor-top-column elementor-element elementor-element-a87c248\" data-id=\"a87c248\" data-element_type=\"column\" data-e-type=\"column\">\n\t\t\t<div class=\"elementor-widget-wrap elementor-element-populated\">\n\t\t\t\t\t\t<div class=\"elementor-element elementor-element-b1b1c80 elementor-widget elementor-widget-heading\" data-id=\"b1b1c80\" data-element_type=\"widget\" data-e-type=\"widget\" data-widget_type=\"heading.default\">\n\t\t\t\t<div class=\"elementor-widget-container\">\n\t\t\t\t\t<h2 class=\"elementor-heading-title elementor-size-default\"> Ter\u00e7o dos Homens<\/h2>\t\t\t\t<\/div>\n\t\t\t\t<\/div>\n\t\t\t\t\t<\/div>\n\t\t<\/div>\n\t\t\t\t\t<\/div>\n\t\t<\/section>\n\t\t\t\t<section class=\"elementor-section elementor-top-section elementor-element elementor-element-49de4ad elementor-section-boxed elementor-section-height-default elementor-section-height-default\" data-id=\"49de4ad\" data-element_type=\"section\" data-e-type=\"section\">\n\t\t\t\t\t\t<div class=\"elementor-container elementor-column-gap-default\">\n\t\t\t\t\t<div class=\"elementor-column elementor-col-100 elementor-top-column elementor-element elementor-element-0092984\" data-id=\"0092984\" data-element_type=\"column\" data-e-type=\"column\">\n\t\t\t<div class=\"elementor-widget-wrap elementor-element-populated\">\n\t\t\t\t\t\t<div class=\"elementor-element elementor-element-4d20385 elementor-widget elementor-widget-text-editor\" data-id=\"4d20385\" data-element_type=\"widget\" data-e-type=\"widget\" data-widget_type=\"text-editor.default\">\n\t\t\t\t<div class=\"elementor-widget-container\">\n\t\t\t\t\t\t\t\t\t<p>Ora\u00e7\u00e3o do Ter\u00e7o do Homens, toda ter\u00e7a-feira, \u00e0s 19:30 h.<\/p>\t\t\t\t\t\t\t\t<\/div>\n\t\t\t\t<\/div>\n\t\t\t\t\t<\/div>\n\t\t<\/div>\n\t\t\t\t\t<\/div>\n\t\t<\/section>\n\t\t\t\t<\/div>\n\t\t","protected":false},"excerpt":{"rendered":"<p>Ter\u00e7o dos Homens Ora\u00e7\u00e3o do Ter\u00e7o do Homens, toda ter\u00e7a-feira, \u00e0s 19:30 h.<\/p>\n","protected":false},"author":1,"featured_media":0,"parent":0,"menu_order":0,"comment_status":"closed","ping_status":"closed","template":"elementor_header_footer","meta":{"footnotes":""},"class_list":["post-3777","page","type-page","status-publish","hentry"],"_links":{"self":[{"href":"https:\/\/paroquiadavitoria.org.br\/index.php\/wp-json\/wp\/v2\/pages\/3777","targetHints":{"allow":["GET"]}}],"collection":[{"href":"https:\/\/paroquiadavitoria.org.br\/index.php\/wp-json\/wp\/v2\/pages"}],"about":[{"href":"https:\/\/paroquiadavitoria.org.br\/index.php\/wp-json\/wp\/v2\/types\/page"}],"author":[{"embeddable":true,"href":"https:\/\/paroquiadavitoria.org.br\/index.php\/wp-json\/wp\/v2\/users\/1"}],"replies":[{"embeddable":true,"href":"https:\/\/paroquiadavitoria.org.br\/index.php\/wp-json\/wp\/v2\/comments?post=3777"}],"version-history":[{"count":7,"href":"https:\/\/paroquiadavitoria.org.br\/index.php\/wp-json\/wp\/v2\/pages\/3777\/revisions"}],"predecessor-version":[{"id":3810,"href":"https:\/\/paroquiadavitoria.org.br\/index.php\/wp-json\/wp\/v2\/pages\/3777\/revisions\/3810"}],"wp:attachment":[{"href":"https:\/\/paroquiadavitoria.org.br\/index.php\/wp-json\/wp\/v2\/media?parent=3777"}],"curies":[{"name":"wp","href":"https:\/\/api.w.org\/{rel}","templated":true}]}}