{"id":524,"date":"2022-12-21T17:23:11","date_gmt":"2022-12-21T20:23:11","guid":{"rendered":"https:\/\/paroquiadavitoria.org.br\/?page_id=524"},"modified":"2026-03-02T08:25:40","modified_gmt":"2026-03-02T11:25:40","slug":"a-paroquia-nossa-senhora-da-vitoria","status":"publish","type":"page","link":"https:\/\/paroquiadavitoria.org.br\/index.php\/a-paroquia-nossa-senhora-da-vitoria\/","title":{"rendered":"A Par\u00f3quia Nossa Senhora da Vit\u00f3ria"},"content":{"rendered":"\t\t<div data-elementor-type=\"wp-page\" data-elementor-id=\"524\" class=\"elementor elementor-524\">\n\t\t\t\t\t\t<section class=\"elementor-section elementor-top-section elementor-element elementor-element-ec6a567 elementor-section-boxed elementor-section-height-default elementor-section-height-default\" data-id=\"ec6a567\" data-element_type=\"section\" data-e-type=\"section\">\n\t\t\t\t\t\t<div class=\"elementor-container elementor-column-gap-default\">\n\t\t\t\t\t<div class=\"elementor-column elementor-col-100 elementor-top-column elementor-element elementor-element-4554df2\" data-id=\"4554df2\" data-element_type=\"column\" data-e-type=\"column\">\n\t\t\t<div class=\"elementor-widget-wrap elementor-element-populated\">\n\t\t\t\t\t\t<div class=\"elementor-element elementor-element-97acbbf elementor-widget elementor-widget-heading\" data-id=\"97acbbf\" data-element_type=\"widget\" data-e-type=\"widget\" data-widget_type=\"heading.default\">\n\t\t\t\t<div class=\"elementor-widget-container\">\n\t\t\t\t\t<h2 class=\"elementor-heading-title elementor-size-default\">A Par\u00f3quia Nossa Senhora da Vit\u00f3ria<\/h2>\t\t\t\t<\/div>\n\t\t\t\t<\/div>\n\t\t\t\t\t<\/div>\n\t\t<\/div>\n\t\t\t\t\t<\/div>\n\t\t<\/section>\n\t\t\t\t<section class=\"elementor-section elementor-top-section elementor-element elementor-element-948447e elementor-section-boxed elementor-section-height-default elementor-section-height-default\" data-id=\"948447e\" data-element_type=\"section\" data-e-type=\"section\">\n\t\t\t\t\t\t<div class=\"elementor-container elementor-column-gap-default\">\n\t\t\t\t\t<div class=\"elementor-column elementor-col-100 elementor-top-column elementor-element elementor-element-d9d8190\" data-id=\"d9d8190\" data-element_type=\"column\" data-e-type=\"column\">\n\t\t\t<div class=\"elementor-widget-wrap elementor-element-populated\">\n\t\t\t\t\t\t<div class=\"elementor-element elementor-element-00662b2 elementor-widget elementor-widget-text-editor\" data-id=\"00662b2\" data-element_type=\"widget\" data-e-type=\"widget\" data-widget_type=\"text-editor.default\">\n\t\t\t\t<div class=\"elementor-widget-container\">\n\t\t\t\t\t\t\t\t\t<p>A Par\u00f3quia de Nossa<img decoding=\"async\" class=\"wp-image-1424 alignright\" src=\"https:\/\/paroquiadavitoria.org.br\/wp-content\/uploads\/2023\/01\/IMG_8088-300x154.jpg\" alt=\"\" width=\"233\" height=\"120\" srcset=\"https:\/\/paroquiadavitoria.org.br\/wp-content\/uploads\/2023\/01\/IMG_8088-300x154.jpg 300w, https:\/\/paroquiadavitoria.org.br\/wp-content\/uploads\/2023\/01\/IMG_8088-1024x525.jpg 1024w, https:\/\/paroquiadavitoria.org.br\/wp-content\/uploads\/2023\/01\/IMG_8088-768x393.jpg 768w, https:\/\/paroquiadavitoria.org.br\/wp-content\/uploads\/2023\/01\/IMG_8088-1536x787.jpg 1536w, https:\/\/paroquiadavitoria.org.br\/wp-content\/uploads\/2023\/01\/IMG_8088.jpg 1745w\" sizes=\"(max-width: 233px) 100vw, 233px\" \/> Senhora da Vit\u00f3ria, que faz parte desta cidade, desde os seus in\u00edcios, e tanto influenciou e influencia no universo cosmopolita soteropolitana at\u00e9 hoje, continua sendo uma for\u00e7a religiosa em busca de ser, um local de M\u00edstica e promo\u00e7\u00e3o humana, celebrando a vida e a f\u00e9.<\/p><p>Do ponto de vista religioso, existiu no s\u00e9culo XX at\u00e9 nossos dias uma grande demanda para as celebra\u00e7\u00f5es sacramentais, quando aferimos a m\u00e9dia de 180 celebra\u00e7\u00f5es de casamento e 400 batizados por ano!<\/p><p>Em meio \u00e0 influ\u00eancia cat\u00f3lica desde seus prim\u00f3rdios, evocando uma tradi\u00e7\u00e3o tanto do ponto de vista pol\u00edtico, social, cultural bem como religioso do bairro da Vit\u00f3ria, por sua posi\u00e7\u00e3o geogr\u00e1fica, fez com que a par\u00f3quia, a pr\u00f3pria Igreja de Nossa Senhora da Vit\u00f3ria centralizasse uma refer\u00eancia desde o in\u00edcio do s\u00e9culo XX, com um grande n\u00famero de atividades pastorais, numa movimenta\u00e7\u00e3o sacramental, se tornando refer\u00eancia das fam\u00edlias soteropolitanas de toda a regi\u00e3o do Rec\u00f4ncavo Baiano, onde vinham para celebra\u00e7\u00f5es eucar\u00edsticas, sejam nas festas lit\u00fargicas da igreja, como nas comemora\u00e7\u00f5es natal\u00edcias, bodas, formaturas, al\u00e9m dos batismos, primeiro eucaristia, crismas e matrim\u00f4nios, realizados em grande n\u00famero. Al\u00e9m do tradicional \u201dM\u00eas de Maio\u201d celebrando o culto Mariano, que sempre foi motivo das fam\u00edlias virem \u00e0 igreja \u00e0s 17 horas de cada dia do referido m\u00eas, dedicada \u00e0 Nossa Senhora da Vit\u00f3ria, enquanto o Coral da Vit\u00f3ria regido, durante 50 anos, por Ot\u00edlia Fi\u00faza animava e ajudava nos louvores a Deus, pela intercess\u00e3o da Virgem Sant\u00edssima, alegrava as tardes do bairro. Estando eternizado nas lembran\u00e7as dos nossos paroquianos, nascidos e criados na Vit\u00f3ria, Gra\u00e7a, Barra, Canela, Campo Grande, Politeama e redondeza, o \u201cM\u00eas de Maria\u201d era tamb\u00e9m um local para o encontro de jovens que, trocando olhares, se enamoravam e come\u00e7avam ali a constru\u00e7\u00e3o de novas fam\u00edlias sob o manto sagrado da nossa padroeira. <img decoding=\"async\" class=\"wp-image-1425 alignright\" src=\"https:\/\/paroquiadavitoria.org.br\/wp-content\/uploads\/2023\/01\/IMG_8081-1-300x191.jpg\" alt=\"\" width=\"217\" height=\"139\" srcset=\"https:\/\/paroquiadavitoria.org.br\/wp-content\/uploads\/2023\/01\/IMG_8081-1-300x191.jpg 300w, https:\/\/paroquiadavitoria.org.br\/wp-content\/uploads\/2023\/01\/IMG_8081-1-1024x652.jpg 1024w, https:\/\/paroquiadavitoria.org.br\/wp-content\/uploads\/2023\/01\/IMG_8081-1-768x489.jpg 768w, https:\/\/paroquiadavitoria.org.br\/wp-content\/uploads\/2023\/01\/IMG_8081-1.jpg 1285w\" sizes=\"(max-width: 217px) 100vw, 217px\" \/><\/p><p>No ano de 1968, o ent\u00e3o arcebispo metropolitano cardeal Dom Eug\u00eanio de Ara\u00fajo Sales, nomeou o reverendo padre Monsenhor Gaspar Sadoc da Natividade, e este acelerou os projetos de evangeliza\u00e7\u00e3o, dando espa\u00e7o e valorizando o laicato, valorizando as lideran\u00e7as da par\u00f3quia e trazendo as para participarem ativamente da igreja.<\/p><p>Aqui foi implantado o Encontro de Casais com Cristo, que, durante os anos 70, 80 e 90, tiveram influ\u00eancia extraordin\u00e1ria na arquidiocese de S\u00e3o Salvador, bem como em v\u00e1rias dioceses do estado da Bahia, onde os grupos de casais em uma implantar o referido movimento.<\/p><p>Disto nasceu a necessidade de uma igreja voltada para a promo\u00e7\u00e3o humana, que se colocava junto \u00e0 cidade e ao estado, possibilitando atendimento m\u00e9dico-odontol\u00f3gico e num processo educativo das crian\u00e7as, com a creche de Nossa Senhora da Vit\u00f3ria, situada na rua da Fl\u00f3rida, na Gra\u00e7a, atendendo pela m\u00e9dia atual 150 crian\u00e7as entre entre 3 e 6 anos diariamente das 7 e 30 \u00e0s 17:00, com apoio da escola paroquial da Vit\u00f3ria, em conv\u00eanio com a prefeitura municipal de Salvador, onde est\u00e1 que \u00e0 valoriza\u00e7\u00e3o das crian\u00e7as, bem como na forma\u00e7\u00e3o religiosa.<\/p><p>Em 1981, ou ent\u00e3o p\u00e1roco com grupo de casais, entre eles: Nelson e Mary Oliveira, Heitor e Aurora Castro, Armando e Elvira Gago, Cl\u00edcio e Ian\u00ea Costa, \u00c9lio e Merthe ou Oubinha com apoio de doutor Alexandre da Cunha Guedes e de dona Maria Matilde Soares da Cunha Guedes, que cederam o terreno atualmente de sua propriedade e que no passado servia como estacionamento dos bondes desta cidade. Foram os criadores da feira da fraternidade com outros tantos apoiadores.<\/p><p>Com o trabalho volunt\u00e1rio de in\u00fameros casais, sempre no primeiro o segundo final de semana do m\u00eas de novembro acontece a Feira da Fraternidade, que vem gerando recursos para a manuten\u00e7\u00e3o das obras sociais, religiosas e mission\u00e1rias da par\u00f3quia com \u00eanfase para a promo\u00e7\u00e3o humana, t\u00e3o necess\u00e1ria no nosso pa\u00eds.<\/p><p>O p\u00e1roco Monsenhor Sadoc, de grande eloqu\u00eancia verbal, orat\u00f3ria reconhecido nacionalmente, atraiu por suas boas rela\u00e7\u00f5es com o mundo da pol\u00edtica, das for\u00e7as econ\u00f4micas, sociais, art\u00edsticas e religiosas de outras matizes, trouxe muitos para a igreja, que se firmou como \u201cpar\u00f3quia importante\u201d, pois no universo da cidade, por uma origem, nesta regi\u00e3o aqui se estabeleceram as for\u00e7as dominantes da cidade que tem na igreja da Vit\u00f3ria a refer\u00eancia religiosa. <img decoding=\"async\" class=\"wp-image-1427 alignright\" src=\"https:\/\/paroquiadavitoria.org.br\/wp-content\/uploads\/2023\/01\/IMG_8084-300x207.jpg\" alt=\"\" width=\"209\" height=\"144\" srcset=\"https:\/\/paroquiadavitoria.org.br\/wp-content\/uploads\/2023\/01\/IMG_8084-300x207.jpg 300w, https:\/\/paroquiadavitoria.org.br\/wp-content\/uploads\/2023\/01\/IMG_8084-1024x707.jpg 1024w, https:\/\/paroquiadavitoria.org.br\/wp-content\/uploads\/2023\/01\/IMG_8084-768x530.jpg 768w, https:\/\/paroquiadavitoria.org.br\/wp-content\/uploads\/2023\/01\/IMG_8084.jpg 1508w\" sizes=\"(max-width: 209px) 100vw, 209px\" \/><\/p><p>No in\u00edcio do s\u00e9culo XXI, fui nomeado p\u00e1roco pelo ent\u00e3o arcebispo cardeal Dom Geraldo Majella Agnelo, no dia 25 de mar\u00e7o, festa da Anuncia\u00e7\u00e3o do senhor, tomando Posse em 8 abril do ano de 2002.<\/p><p><em>Padre Luis Sim\u00f5es<\/em><\/p>\t\t\t\t\t\t\t\t<\/div>\n\t\t\t\t<\/div>\n\t\t\t\t\t<\/div>\n\t\t<\/div>\n\t\t\t\t\t<\/div>\n\t\t<\/section>\n\t\t\t\t<section class=\"elementor-section elementor-top-section elementor-element elementor-element-c5be1df elementor-section-boxed elementor-section-height-default elementor-section-height-default\" data-id=\"c5be1df\" data-element_type=\"section\" data-e-type=\"section\">\n\t\t\t\t\t\t<div class=\"elementor-container elementor-column-gap-default\">\n\t\t\t\t\t<div class=\"elementor-column elementor-col-100 elementor-top-column elementor-element elementor-element-c977f90\" data-id=\"c977f90\" data-element_type=\"column\" data-e-type=\"column\">\n\t\t\t<div class=\"elementor-widget-wrap elementor-element-populated\">\n\t\t\t\t\t\t<div class=\"elementor-element elementor-element-a443515 elementor-widget elementor-widget-heading\" data-id=\"a443515\" data-element_type=\"widget\" data-e-type=\"widget\" data-widget_type=\"heading.default\">\n\t\t\t\t<div class=\"elementor-widget-container\">\n\t\t\t\t\t<h2 class=\"elementor-heading-title elementor-size-default\">Nossos Pastores<\/h2>\t\t\t\t<\/div>\n\t\t\t\t<\/div>\n\t\t\t\t\t<\/div>\n\t\t<\/div>\n\t\t\t\t\t<\/div>\n\t\t<\/section>\n\t\t\t\t<section class=\"elementor-section elementor-top-section elementor-element elementor-element-d28712d elementor-section-boxed elementor-section-height-default elementor-section-height-default\" data-id=\"d28712d\" data-element_type=\"section\" data-e-type=\"section\">\n\t\t\t\t\t\t<div class=\"elementor-container elementor-column-gap-custom\">\n\t\t\t\t\t<div class=\"elementor-column elementor-col-33 elementor-top-column elementor-element elementor-element-1a0a3d6\" data-id=\"1a0a3d6\" data-element_type=\"column\" data-e-type=\"column\">\n\t\t\t<div class=\"elementor-widget-wrap elementor-element-populated\">\n\t\t\t\t\t\t<div class=\"elementor-element elementor-element-52b94d3 elementor-widget elementor-widget-image\" data-id=\"52b94d3\" data-element_type=\"widget\" data-e-type=\"widget\" data-widget_type=\"image.default\">\n\t\t\t\t<div class=\"elementor-widget-container\">\n\t\t\t\t\t\t\t\t\t\t\t\t<figure class=\"wp-caption\">\n\t\t\t\t\t\t\t\t\t\t<img decoding=\"async\" src=\"https:\/\/paroquiadavitoria.org.br\/wp-content\/uploads\/elementor\/thumbs\/Papa-Leone-XXIV_2-rjwwvarncnq1e8792nobw17jm8jqgm0cw7ueqhpo8w.webp\" title=\"Papa-Leone-XXIV_2\" alt=\"Papa-Leone-XXIV_2\" loading=\"lazy\" \/>\t\t\t\t\t\t\t\t\t\t\t<figcaption class=\"widget-image-caption wp-caption-text\">Le\u00e3o XIV<\/figcaption>\n\t\t\t\t\t\t\t\t\t\t<\/figure>\n\t\t\t\t\t\t\t\t\t<\/div>\n\t\t\t\t<\/div>\n\t\t\t\t\t<\/div>\n\t\t<\/div>\n\t\t\t\t<div class=\"elementor-column elementor-col-33 elementor-top-column elementor-element elementor-element-4d987a0\" data-id=\"4d987a0\" data-element_type=\"column\" data-e-type=\"column\">\n\t\t\t<div class=\"elementor-widget-wrap elementor-element-populated\">\n\t\t\t\t\t\t<div class=\"elementor-element elementor-element-328c305 elementor-widget elementor-widget-image\" data-id=\"328c305\" data-element_type=\"widget\" data-e-type=\"widget\" data-widget_type=\"image.default\">\n\t\t\t\t<div class=\"elementor-widget-container\">\n\t\t\t\t\t\t\t\t\t\t\t\t<figure class=\"wp-caption\">\n\t\t\t\t\t\t\t\t\t\t<img loading=\"lazy\" decoding=\"async\" width=\"229\" height=\"300\" src=\"https:\/\/paroquiadavitoria.org.br\/wp-content\/uploads\/2023\/01\/dom-sergio-deixa-brasilia-e-e-nomeado-arcebispo-em-salvador-Foto-BRUNO-TOLEDO-229x300-1.jpg\" class=\"attachment-large size-large wp-image-925\" alt=\"\" \/>\t\t\t\t\t\t\t\t\t\t\t<figcaption class=\"widget-image-caption wp-caption-text\">Dom S\u00e9rgio<\/figcaption>\n\t\t\t\t\t\t\t\t\t\t<\/figure>\n\t\t\t\t\t\t\t\t\t<\/div>\n\t\t\t\t<\/div>\n\t\t\t\t\t<\/div>\n\t\t<\/div>\n\t\t\t\t<div class=\"elementor-column elementor-col-33 elementor-top-column elementor-element elementor-element-19bae0c\" data-id=\"19bae0c\" data-element_type=\"column\" data-e-type=\"column\">\n\t\t\t<div class=\"elementor-widget-wrap elementor-element-populated\">\n\t\t\t\t\t\t<div class=\"elementor-element elementor-element-3d2d062 elementor-widget elementor-widget-image\" data-id=\"3d2d062\" data-element_type=\"widget\" data-e-type=\"widget\" data-widget_type=\"image.default\">\n\t\t\t\t<div class=\"elementor-widget-container\">\n\t\t\t\t\t\t\t\t\t\t\t\t<figure class=\"wp-caption\">\n\t\t\t\t\t\t\t\t\t\t<img loading=\"lazy\" decoding=\"async\" width=\"204\" height=\"300\" src=\"https:\/\/paroquiadavitoria.org.br\/wp-content\/uploads\/2023\/01\/PHOTO-2022-12-29-14-02-49-204x300.jpg\" class=\"attachment-medium size-medium wp-image-913\" alt=\"\" srcset=\"https:\/\/paroquiadavitoria.org.br\/wp-content\/uploads\/2023\/01\/PHOTO-2022-12-29-14-02-49-204x300.jpg 204w, https:\/\/paroquiadavitoria.org.br\/wp-content\/uploads\/2023\/01\/PHOTO-2022-12-29-14-02-49-698x1024.jpg 698w, https:\/\/paroquiadavitoria.org.br\/wp-content\/uploads\/2023\/01\/PHOTO-2022-12-29-14-02-49-768x1127.jpg 768w, https:\/\/paroquiadavitoria.org.br\/wp-content\/uploads\/2023\/01\/PHOTO-2022-12-29-14-02-49-1046x1536.jpg 1046w, https:\/\/paroquiadavitoria.org.br\/wp-content\/uploads\/2023\/01\/PHOTO-2022-12-29-14-02-49.jpg 1090w\" sizes=\"(max-width: 204px) 100vw, 204px\" \/>\t\t\t\t\t\t\t\t\t\t\t<figcaption class=\"widget-image-caption wp-caption-text\">Padre Luis<\/figcaption>\n\t\t\t\t\t\t\t\t\t\t<\/figure>\n\t\t\t\t\t\t\t\t\t<\/div>\n\t\t\t\t<\/div>\n\t\t\t\t\t<\/div>\n\t\t<\/div>\n\t\t\t\t\t<\/div>\n\t\t<\/section>\n\t\t\t\t<\/div>\n\t\t","protected":false},"excerpt":{"rendered":"<p>A Par\u00f3quia Nossa Senhora da Vit\u00f3ria A Par\u00f3quia de Nossa Senhora da Vit\u00f3ria, que faz parte desta cidade, desde os seus in\u00edcios, e tanto influenciou e influencia no universo cosmopolita [&hellip;]<\/p>\n","protected":false},"author":1,"featured_media":0,"parent":0,"menu_order":0,"comment_status":"closed","ping_status":"closed","template":"elementor_header_footer","meta":{"footnotes":""},"class_list":["post-524","page","type-page","status-publish","hentry"],"_links":{"self":[{"href":"https:\/\/paroquiadavitoria.org.br\/index.php\/wp-json\/wp\/v2\/pages\/524","targetHints":{"allow":["GET"]}}],"collection":[{"href":"https:\/\/paroquiadavitoria.org.br\/index.php\/wp-json\/wp\/v2\/pages"}],"about":[{"href":"https:\/\/paroquiadavitoria.org.br\/index.php\/wp-json\/wp\/v2\/types\/page"}],"author":[{"embeddable":true,"href":"https:\/\/paroquiadavitoria.org.br\/index.php\/wp-json\/wp\/v2\/users\/1"}],"replies":[{"embeddable":true,"href":"https:\/\/paroquiadavitoria.org.br\/index.php\/wp-json\/wp\/v2\/comments?post=524"}],"version-history":[{"count":55,"href":"https:\/\/paroquiadavitoria.org.br\/index.php\/wp-json\/wp\/v2\/pages\/524\/revisions"}],"predecessor-version":[{"id":3606,"href":"https:\/\/paroquiadavitoria.org.br\/index.php\/wp-json\/wp\/v2\/pages\/524\/revisions\/3606"}],"wp:attachment":[{"href":"https:\/\/paroquiadavitoria.org.br\/index.php\/wp-json\/wp\/v2\/media?parent=524"}],"curies":[{"name":"wp","href":"https:\/\/api.w.org\/{rel}","templated":true}]}}