{"id":6,"date":"2022-10-27T07:30:17","date_gmt":"2022-10-27T10:30:17","guid":{"rendered":"https:\/\/paroquiadavitoria.org.br\/?page_id=6"},"modified":"2026-04-19T11:58:18","modified_gmt":"2026-04-19T14:58:18","slug":"home","status":"publish","type":"page","link":"https:\/\/paroquiadavitoria.org.br\/","title":{"rendered":"Home &#8211; Par\u00f3quia da Vit\u00f3ria"},"content":{"rendered":"\t\t<div data-elementor-type=\"wp-page\" data-elementor-id=\"6\" class=\"elementor elementor-6\">\n\t\t\t\t\t\t<section class=\"elementor-section elementor-top-section elementor-element elementor-element-39aff0b1 elementor-section-full_width elementor-section-height-default elementor-section-height-default\" data-id=\"39aff0b1\" data-element_type=\"section\" data-e-type=\"section\">\n\t\t\t\t\t\t<div class=\"elementor-container elementor-column-gap-no\">\n\t\t\t\t\t<div class=\"elementor-column elementor-col-100 elementor-top-column elementor-element elementor-element-65d2cacc\" data-id=\"65d2cacc\" data-element_type=\"column\" data-e-type=\"column\">\n\t\t\t<div class=\"elementor-widget-wrap elementor-element-populated\">\n\t\t\t\t\t\t\t<\/div>\n\t\t<\/div>\n\t\t\t\t\t<\/div>\n\t\t<\/section>\n\t\t\t\t<section class=\"elementor-section elementor-top-section elementor-element elementor-element-43717040 elementor-section-boxed elementor-section-height-default elementor-section-height-default\" data-id=\"43717040\" data-element_type=\"section\" data-e-type=\"section\">\n\t\t\t\t\t\t<div class=\"elementor-container elementor-column-gap-default\">\n\t\t\t\t\t<div class=\"elementor-column elementor-col-50 elementor-top-column elementor-element elementor-element-29633f7c\" data-id=\"29633f7c\" data-element_type=\"column\" data-e-type=\"column\">\n\t\t\t<div class=\"elementor-widget-wrap elementor-element-populated\">\n\t\t\t\t\t\t<div class=\"elementor-element elementor-element-5a959e7 elementor-widget elementor-widget-heading\" data-id=\"5a959e7\" data-element_type=\"widget\" data-e-type=\"widget\" data-widget_type=\"heading.default\">\n\t\t\t\t<div class=\"elementor-widget-container\">\n\t\t\t\t\t<h2 class=\"elementor-heading-title elementor-size-default\">Pastorais<\/h2>\t\t\t\t<\/div>\n\t\t\t\t<\/div>\n\t\t\t\t<div class=\"elementor-element elementor-element-7b975db elementor-widget elementor-widget-text-editor\" data-id=\"7b975db\" data-element_type=\"widget\" data-e-type=\"widget\" data-widget_type=\"text-editor.default\">\n\t\t\t\t<div class=\"elementor-widget-container\">\n\t\t\t\t\t\t\t\t\t<p><a href=\"https:\/\/paroquiadavitoria.org.br\/index.php\/apostolado-da-oracao\">Apostolado da Ora\u00e7\u00e3o<\/a><\/p><p>Batismo<\/p><p><a href=\"https:\/\/www.instagram.com\/brechocheiasdegraca?igsh=MXRlNmp6OTFhZm92aw==\" target=\"_blank\" rel=\"noopener\">Brech\u00f3<\/a><\/p><p>Catequese Escola Paroquial<\/p><p><a href=\"https:\/\/paroquiadavitoria.org.br\/index.php\/inscricao-catequese\/\" target=\"_blank\" rel=\"noopener\">Catequese Par\u00f3quia Nossa\u00a0Senhora da Vit\u00f3ria<\/a><\/p><p>Centro Social Esmeralda da Natividade<\/p><p>Comunica\u00e7\u00e3o<\/p><p>Conselho Econ\u00f4mico<\/p><p><a href=\"https:\/\/www.instagram.com\/coraldimaria?igsh=MXdwbWl5bnJ5amh1Ng==\" target=\"_blank\" rel=\"noopener\">Coral Di Maria<\/a><\/p><p>Creche Nossa Senhora da Vit\u00f3ria<\/p><p><a href=\"https:\/\/paroquiadavitoria.org.br\/index.php\/inscricao-crisma-2023\/\">Crisma<\/a><\/p><p><a href=\"https:\/\/paroquiadavitoria.org.br\/index.php\/encontro-de-noivos\">Curso de Noivos<\/a><\/p><p><a href=\"https:\/\/paroquiadavitoria.org.br\/index.php\/dizimo\">D\u00edzimo<\/a><\/p><p><a href=\"https:\/\/paroquiadavitoria.org.br\/index.php\/escola-da-fe\">Escola da F\u00e9<\/a><\/p><p><a href=\"https:\/\/www.instagram.com\/emparoquialvitoria?igsh=MW53dHhhZTN2M2d3cg==\" target=\"_blank\" rel=\"noopener\">Escola Paroquial Nossa Senhora<\/a><\/p><p><a href=\"https:\/\/www.instagram.com\/feiradafraternidade?igsh=aWh2Zm02cDlleTE=\" target=\"_blank\" rel=\"noopener\">Feira da Fraternidade<\/a><\/p><p><a href=\"https:\/\/www.instagram.com\/grupofamiliagf?igsh=c3VldHM0MWJyN2Vw\" target=\"_blank\" rel=\"noopener\">Grupo Fam\u00edlia<\/a><\/p><p>Irmandade do Ros\u00e1rio<\/p><p>Liturgia<\/p><p><a href=\"https:\/\/paroquiadavitoria.org.br\/index.php\/2023\/08\/06\/inauguracao-da-lojinha-nossa-senhora-da-vitoria\/\">Lojinha Nossa Senhora da Vit\u00f3ria<\/a><\/p><p>Ministros da Comunh\u00e3o<\/p><p><a href=\"https:\/\/www.instagram.com\/movescalada?igsh=MWZ0ZjZoMjYzbGVuZg==\" target=\"_blank\" rel=\"noopener\">Movimento Escalada<\/a><\/p><p><a href=\"https:\/\/paroquiadavitoria.org.br\/index.php\/movimento-mae-rainha\">Movimento M\u00e3e Rainha<\/a><\/p><p><a href=\"https:\/\/paroquiadavitoria.org.br\/index.php\/oficina-de-oracao-e-vida\">Oficina de Ora\u00e7\u00e3o e Vida<\/a><\/p><p>Pastoral de Eventos<\/p><p><a href=\"https:\/\/paroquiadavitoria.org.br\/index.php\/terco-dos-homens\">Ter\u00e7o dos Homens<\/a><\/p>\t\t\t\t\t\t\t\t<\/div>\n\t\t\t\t<\/div>\n\t\t\t\t\t<\/div>\n\t\t<\/div>\n\t\t\t\t<div class=\"elementor-column elementor-col-50 elementor-top-column elementor-element elementor-element-1d2341a9\" data-id=\"1d2341a9\" data-element_type=\"column\" data-e-type=\"column\">\n\t\t\t<div class=\"elementor-widget-wrap elementor-element-populated\">\n\t\t\t\t\t\t<div class=\"elementor-element elementor-element-4a746d29 elementor-widget elementor-widget-heading\" data-id=\"4a746d29\" data-element_type=\"widget\" data-e-type=\"widget\" data-widget_type=\"heading.default\">\n\t\t\t\t<div class=\"elementor-widget-container\">\n\t\t\t\t\t<h2 class=\"elementor-heading-title elementor-size-default\">Enquete<\/h2>\t\t\t\t<\/div>\n\t\t\t\t<\/div>\n\t\t\t\t<div class=\"elementor-element elementor-element-44316e68 elementor-widget elementor-widget-shortcode\" data-id=\"44316e68\" data-element_type=\"widget\" data-e-type=\"widget\" data-widget_type=\"shortcode.default\">\n\t\t\t\t<div class=\"elementor-widget-container\">\n\t\t\t\t\t\t\t<div class=\"elementor-shortcode\"><div id=\"polls-2\" class=\"wp-polls\">\n\t<form id=\"polls_form_2\" class=\"wp-polls-form\" action=\"\/index.php\" method=\"post\">\n\t\t<p style=\"display: none;\"><input type=\"hidden\" id=\"poll_2_nonce\" name=\"wp-polls-nonce\" value=\"a497e8beff\" \/><\/p>\n\t\t<p style=\"display: none;\"><input type=\"hidden\" name=\"poll_id\" value=\"2\" \/><\/p>\n\t\t<p style=\"text-align: center;\"><strong>Qual a missa do Domingo que voc\u00ea participa?<\/strong><\/p><div id=\"polls-2-ans\" class=\"wp-polls-ans\"><ul class=\"wp-polls-ul\">\n\t\t<li><input type=\"radio\" id=\"poll-answer-6\" name=\"poll_2\" value=\"6\" \/> <label for=\"poll-answer-6\">7:30<\/label><\/li>\n\t\t<li><input type=\"radio\" id=\"poll-answer-7\" name=\"poll_2\" value=\"7\" \/> <label for=\"poll-answer-7\">9:00<\/label><\/li>\n\t\t<li><input type=\"radio\" id=\"poll-answer-8\" name=\"poll_2\" value=\"8\" \/> <label for=\"poll-answer-8\">11:30<\/label><\/li>\n\t\t<li><input type=\"radio\" id=\"poll-answer-9\" name=\"poll_2\" value=\"9\" \/> <label for=\"poll-answer-9\">18:00<\/label><\/li>\n\t\t<li><input type=\"radio\" id=\"poll-answer-10\" name=\"poll_2\" value=\"10\" \/> <label for=\"poll-answer-10\">19:30<\/label><\/li>\n\t\t<\/ul><p style=\"text-align: center;\"><input type=\"button\" name=\"vote\" value=\"   Voto   \" class=\"Buttons\" onclick=\"poll_vote(2);\" \/><\/p><p style=\"text-align: center;\"><a href=\"#ViewPollResults\" onclick=\"poll_result(2); return false;\" title=\"Veja resultados desta pesquisa\">Ver resultados<\/a><\/p><\/div>\n\t<\/form>\n<\/div>\n<div id=\"polls-2-loading\" class=\"wp-polls-loading\"><img decoding=\"async\" src=\"https:\/\/paroquiadavitoria.org.br\/wp-content\/plugins\/wp-polls\/images\/loading.gif\" width=\"16\" height=\"16\" alt=\"Carregando ...\" title=\"Carregando ...\" class=\"wp-polls-image\" \/>&nbsp;Carregando ...<\/div>\n<\/div>\n\t\t\t\t\t\t<\/div>\n\t\t\t\t<\/div>\n\t\t\t\t<div class=\"elementor-element elementor-element-3ff519da elementor-widget elementor-widget-heading\" data-id=\"3ff519da\" data-element_type=\"widget\" data-e-type=\"widget\" data-widget_type=\"heading.default\">\n\t\t\t\t<div class=\"elementor-widget-container\">\n\t\t\t\t\t<h2 class=\"elementor-heading-title elementor-size-default\">Calend\u00e1rio de Eventos<\/h2>\t\t\t\t<\/div>\n\t\t\t\t<\/div>\n\t\t\t\t<div class=\"elementor-element elementor-element-57da69f elementor-widget elementor-widget-the-events-calendar-addon\" data-id=\"57da69f\" data-element_type=\"widget\" data-e-type=\"widget\" data-widget_type=\"the-events-calendar-addon.default\">\n\t\t\t\t<div class=\"elementor-widget-container\">\n\t\t\t\t\t<!=========Events list Template 1.7.3=========><script type=\"application\/ld+json\">\r\n[{\"@context\":\"http:\/\/schema.org\",\"@type\":\"Event\",\"name\":\"M\\u00caS DE MARIA\",\"description\":\"&lt;p&gt;Louvor \\u00e0 Nossa Senhora da Vit\\u00f3ria - segunda a sexta \\u00e0s 17:00 hs s\\u00e1bado \\u00e0s 16:00 hs Domingo \\u00e0s 17:00 hs &nbsp; &nbsp;&lt;\/p&gt;\\\\n\",\"url\":\"https:\/\/paroquiadavitoria.org.br\/index.php\/event\/mes-de-maria\/\",\"eventAttendanceMode\":\"https:\/\/schema.org\/OfflineEventAttendanceMode\",\"eventStatus\":\"https:\/\/schema.org\/EventScheduled\",\"startDate\":\"2026-05-01T00:00:00-03:00\",\"endDate\":\"2026-05-31T23:59:59-03:00\",\"performer\":\"Organization\"},{\"@context\":\"http:\/\/schema.org\",\"@type\":\"Event\",\"name\":\"PENTECOSTE\",\"description\":\"&lt;p&gt;Missas: 7:30, 9:00, 11:30, 18:00 e 19:30 hs&lt;\/p&gt;\\\\n\",\"url\":\"https:\/\/paroquiadavitoria.org.br\/index.php\/event\/pentecoste\/\",\"eventAttendanceMode\":\"https:\/\/schema.org\/OfflineEventAttendanceMode\",\"eventStatus\":\"https:\/\/schema.org\/EventScheduled\",\"startDate\":\"2026-05-24T00:00:00-03:00\",\"endDate\":\"2026-05-24T23:59:59-03:00\",\"performer\":\"Organization\"},{\"@context\":\"http:\/\/schema.org\",\"@type\":\"Event\",\"name\":\"TREZENA DE SANTO ANT\\u00d4NIO\",\"description\":\"&lt;p&gt;De 01 a 13.06.26 -\\u00a0 Trezena de Santo Ant\\u00f4nio Segunda a sexta - \\u00e0s 17h S\\u00e1bado \\u00e0s 16h Domingo \\u00e0s 17h &nbsp; &nbsp;&lt;\/p&gt;\\\\n\",\"url\":\"https:\/\/paroquiadavitoria.org.br\/index.php\/event\/trezena-de-santo-antonio\/\",\"eventAttendanceMode\":\"https:\/\/schema.org\/OfflineEventAttendanceMode\",\"eventStatus\":\"https:\/\/schema.org\/EventScheduled\",\"startDate\":\"2026-06-01T00:00:00-03:00\",\"endDate\":\"2026-06-13T23:59:59-03:00\",\"performer\":\"Organization\"},{\"@context\":\"http:\/\/schema.org\",\"@type\":\"Event\",\"name\":\"CORPUS CHRISTI\",\"description\":\"&lt;p&gt;Missas as 7:30, 9:00 e 18:00hs&lt;\/p&gt;\\\\n\",\"url\":\"https:\/\/paroquiadavitoria.org.br\/index.php\/event\/corpus-christi\/\",\"eventAttendanceMode\":\"https:\/\/schema.org\/OfflineEventAttendanceMode\",\"eventStatus\":\"https:\/\/schema.org\/EventScheduled\",\"startDate\":\"2026-06-04T00:00:00-03:00\",\"endDate\":\"2026-06-04T23:59:59-03:00\",\"performer\":\"Organization\"},{\"@context\":\"http:\/\/schema.org\",\"@type\":\"Event\",\"name\":\"CASAMENTO COMUNIT\\u00c1RIO\",\"description\":\"&lt;p&gt;12.06.26 \\u00e0s 19:00HS&lt;\/p&gt;\\\\n\",\"url\":\"https:\/\/paroquiadavitoria.org.br\/index.php\/event\/casamento-comunitario\/\",\"eventAttendanceMode\":\"https:\/\/schema.org\/OfflineEventAttendanceMode\",\"eventStatus\":\"https:\/\/schema.org\/EventScheduled\",\"startDate\":\"2026-06-11T00:00:00-03:00\",\"endDate\":\"2026-06-11T23:59:59-03:00\",\"performer\":\"Organization\"},{\"@context\":\"http:\/\/schema.org\",\"@type\":\"Event\",\"name\":\"Forr\\u00f3 da Fraternidade\",\"description\":\"&lt;p&gt;No Sollar Cunha Guedes&lt;\/p&gt;\\\\n\",\"url\":\"https:\/\/paroquiadavitoria.org.br\/index.php\/event\/forro-da-fraternidade\/\",\"eventAttendanceMode\":\"https:\/\/schema.org\/OfflineEventAttendanceMode\",\"eventStatus\":\"https:\/\/schema.org\/EventScheduled\",\"startDate\":\"2026-06-12T08:00:00-03:00\",\"endDate\":\"2026-06-12T17:00:00-03:00\",\"performer\":\"Organization\"},{\"@context\":\"http:\/\/schema.org\",\"@type\":\"Event\",\"name\":\"NOVENA DE NOSSA SENHORA DA VIT\\u00d3RIA\",\"description\":\"&lt;p&gt;07.08.26 \\u00e0 15.08.26\\u00a0 as 17:00 hs -\\u00a0 Novena Nossa Senhora da Vit\\u00f3ria 16.08.26 -\\u00a0 Festa da Padroeira com prociss\\u00e3o saindo dos Aflitos as 16:30hs&lt;\/p&gt;\\\\n\",\"url\":\"https:\/\/paroquiadavitoria.org.br\/index.php\/event\/novena-festa-da-padroeira\/\",\"eventAttendanceMode\":\"https:\/\/schema.org\/OfflineEventAttendanceMode\",\"eventStatus\":\"https:\/\/schema.org\/EventScheduled\",\"startDate\":\"2026-08-01T00:00:00-03:00\",\"endDate\":\"2026-08-16T23:59:59-03:00\",\"performer\":\"Organization\"},{\"@context\":\"http:\/\/schema.org\",\"@type\":\"Event\",\"name\":\"M\\u00caS DA BIBLIA\",\"description\":\"\",\"url\":\"https:\/\/paroquiadavitoria.org.br\/index.php\/event\/mes-da-biblia-2\/\",\"eventAttendanceMode\":\"https:\/\/schema.org\/OfflineEventAttendanceMode\",\"eventStatus\":\"https:\/\/schema.org\/EventScheduled\",\"startDate\":\"2026-09-01T00:00:00-03:00\",\"endDate\":\"2026-09-30T23:59:59-03:00\",\"performer\":\"Organization\"},{\"@context\":\"http:\/\/schema.org\",\"@type\":\"Event\",\"name\":\"NOVENA SANTA TEREZINHA\",\"description\":\"&lt;p&gt;22.09.26 \\u00e0 30.09.26 \\u00e0s 17:00hs&lt;\/p&gt;\\\\n\",\"url\":\"https:\/\/paroquiadavitoria.org.br\/index.php\/event\/novena-santa-terezinha\/\",\"eventAttendanceMode\":\"https:\/\/schema.org\/OfflineEventAttendanceMode\",\"eventStatus\":\"https:\/\/schema.org\/EventScheduled\",\"startDate\":\"2026-09-22T00:00:00-03:00\",\"endDate\":\"2026-09-30T23:59:59-03:00\",\"performer\":\"Organization\"},{\"@context\":\"http:\/\/schema.org\",\"@type\":\"Event\",\"name\":\"TR\\u00cdDUO S\\u00c3O MIGUEL\",\"description\":\"&lt;p&gt;26.09.26 a 28.09.26 \\u00e0s 8h 29.09.26 Dia S\\u00e3o Miguel&lt;\/p&gt;\\\\n\",\"url\":\"https:\/\/paroquiadavitoria.org.br\/index.php\/event\/triduo-sao-miguel\/\",\"eventAttendanceMode\":\"https:\/\/schema.org\/OfflineEventAttendanceMode\",\"eventStatus\":\"https:\/\/schema.org\/EventScheduled\",\"startDate\":\"2026-09-26T00:00:00-03:00\",\"endDate\":\"2026-09-29T23:59:59-03:00\",\"performer\":\"Organization\"},{\"@context\":\"http:\/\/schema.org\",\"@type\":\"Event\",\"name\":\"FESTA SANTA TEREZINHA\",\"description\":\"&lt;p&gt;01.10.26 \\u00e0s 17:00hs missa em A\\u00e7\\u00e3o de Gra\\u00e7as Santa Terezinha &nbsp; &nbsp;&lt;\/p&gt;\\\\n\",\"url\":\"https:\/\/paroquiadavitoria.org.br\/index.php\/event\/novena-de-santa-terezinha\/\",\"eventAttendanceMode\":\"https:\/\/schema.org\/OfflineEventAttendanceMode\",\"eventStatus\":\"https:\/\/schema.org\/EventScheduled\",\"startDate\":\"2026-10-01T00:00:00-03:00\",\"endDate\":\"2026-10-01T23:59:59-03:00\",\"performer\":\"Organization\"},{\"@context\":\"http:\/\/schema.org\",\"@type\":\"Event\",\"name\":\"FINADOS\",\"description\":\"&lt;p&gt;02.11.26\\u00a0 missas: 7:30, 9:00, 11:30 E 18:00HS&lt;\/p&gt;\\\\n\",\"url\":\"https:\/\/paroquiadavitoria.org.br\/index.php\/event\/finados\/\",\"eventAttendanceMode\":\"https:\/\/schema.org\/OfflineEventAttendanceMode\",\"eventStatus\":\"https:\/\/schema.org\/EventScheduled\",\"startDate\":\"2026-11-02T00:00:00-03:00\",\"endDate\":\"2026-11-02T23:59:59-03:00\",\"performer\":\"Organization\"},{\"@context\":\"http:\/\/schema.org\",\"@type\":\"Event\",\"name\":\"MISSA DE ENTREGA DA 45\\u00aa FEIRA DA FRATERNIDADE\",\"description\":\"&lt;p&gt;Dia .... Missa de entrega da Feira da Fraternidade \\u00e0s 19:30 h 45\\u00aa Feira da Fraternidade dias - 05 \\u00e0 08.11.26&lt;\/p&gt;\\\\n\",\"url\":\"https:\/\/paroquiadavitoria.org.br\/index.php\/event\/missa-de-entrega-da-42a-feira-da-fraternidade\/\",\"eventAttendanceMode\":\"https:\/\/schema.org\/OfflineEventAttendanceMode\",\"eventStatus\":\"https:\/\/schema.org\/EventScheduled\",\"startDate\":\"2026-11-05T00:00:00-03:00\",\"endDate\":\"2026-11-08T23:59:59-03:00\",\"performer\":\"Organization\"},{\"@context\":\"http:\/\/schema.org\",\"@type\":\"Event\",\"name\":\"MEDALHA MILAGROSA\",\"description\":\"&lt;p&gt;LOUVOR A NOSSA SENHORA AS 17:00HS&lt;\/p&gt;\\\\n\",\"url\":\"https:\/\/paroquiadavitoria.org.br\/index.php\/event\/medalha-milagrosa\/\",\"eventAttendanceMode\":\"https:\/\/schema.org\/OfflineEventAttendanceMode\",\"eventStatus\":\"https:\/\/schema.org\/EventScheduled\",\"startDate\":\"2026-11-27T00:00:00-03:00\",\"endDate\":\"2026-11-27T23:59:59-03:00\",\"performer\":\"Organization\"}]\r\n<\/script><div id=\"ectbe-wrapper-57da69f\" class=\"ectbe-wrapper ectbe-list-wrapper style-2\"><div class=\"ectbe-month-header ectbe-simple-event\">maio 2026<\/div><div id=\"event-353\" class=\"ectbe-inner-wrapper ectbe-simple-event\"><div id=\"ectbe-date\" class=\"ectbe-date-area\">\n\t\t\t\t\t\t<span class=\"ectbe-ev-mo\">maio<\/span>\n\t\t\t\t\t\t<span class=\"ectbe-ev-day\">01<\/span>\n\t\t\t\t\t<\/div><div class=\"ectbe-content-box\"><div class=\"ectbe-date-area\">\n                                <span class=\"ectbe-ev-day\">01<\/span>\n                                <span class=\"ectbe-ev-mo\">maio<\/span>\n                                <span class=\"ectbe-ev-yr\">2026<\/span>\n                                <\/div><div class=\"ectbe-evt-title\"><a class=\"ectbe-evt-url\" href=\"https:\/\/paroquiadavitoria.org.br\/index.php\/event\/mes-de-maria\/\">M\u00caS DE MARIA<\/a><\/div><div class=\"ectbe-evt-description\"><p>Louvor \u00e0 Nossa Senhora da Vit\u00f3ria - segunda a sexta \u00e0s 17:00 hs s\u00e1bado \u00e0s 16:00 hs Domingo \u00e0s 17:00 hs &nbsp; &nbsp;<\/p>\n<\/div><div class=\"ectbe-evt-more-box\"><a class=\"ectbe-evt-read-more\" href=\"https:\/\/paroquiadavitoria.org.br\/index.php\/event\/mes-de-maria\/\">Saiba mais<\/a><\/div><\/div><\/div><\/div>\t\t\t\t<\/div>\n\t\t\t\t<\/div>\n\t\t\t\t<div class=\"elementor-element elementor-element-dcd791 elementor-widget elementor-widget-text-editor\" data-id=\"dcd791\" data-element_type=\"widget\" data-e-type=\"widget\" data-widget_type=\"text-editor.default\">\n\t\t\t\t<div class=\"elementor-widget-container\">\n\t\t\t\t\t\t\t\t\t<p><a href=\"https:\/\/paroquiadavitoria.org.br\/index.php\/event\/\">Calend\u00e1rio Completo<\/a><\/p>\t\t\t\t\t\t\t\t<\/div>\n\t\t\t\t<\/div>\n\t\t\t\t<div class=\"elementor-element elementor-element-6ad09d20 elementor-widget elementor-widget-heading\" data-id=\"6ad09d20\" data-element_type=\"widget\" data-e-type=\"widget\" data-widget_type=\"heading.default\">\n\t\t\t\t<div class=\"elementor-widget-container\">\n\t\t\t\t\t<h2 class=\"elementor-heading-title elementor-size-default\">Par\u00f3quia<\/h2>\t\t\t\t<\/div>\n\t\t\t\t<\/div>\n\t\t\t\t<div class=\"elementor-element elementor-element-5a8e894 elementor-align-center elementor-widget__width-inherit elementor-widget elementor-widget-button\" data-id=\"5a8e894\" data-element_type=\"widget\" data-e-type=\"widget\" data-widget_type=\"button.default\">\n\t\t\t\t<div class=\"elementor-widget-container\">\n\t\t\t\t\t\t\t\t\t<div class=\"elementor-button-wrapper\">\n\t\t\t\t\t<a class=\"elementor-button elementor-button-link elementor-size-sm\" href=\"http:\/\/santo.cancaonova.com\/\" target=\"_blank\">\n\t\t\t\t\t\t<span class=\"elementor-button-content-wrapper\">\n\t\t\t\t\t\t\t\t\t<span class=\"elementor-button-text\">Santo do Dia<\/span>\n\t\t\t\t\t<\/span>\n\t\t\t\t\t<\/a>\n\t\t\t\t<\/div>\n\t\t\t\t\t\t\t\t<\/div>\n\t\t\t\t<\/div>\n\t\t\t\t<div class=\"elementor-element elementor-element-513f5e1 elementor-align-center elementor-widget__width-inherit elementor-widget elementor-widget-button\" data-id=\"513f5e1\" data-element_type=\"widget\" data-e-type=\"widget\" data-widget_type=\"button.default\">\n\t\t\t\t<div class=\"elementor-widget-container\">\n\t\t\t\t\t\t\t\t\t<div class=\"elementor-button-wrapper\">\n\t\t\t\t\t<a class=\"elementor-button elementor-button-link elementor-size-sm\" href=\"https:\/\/liturgiadiaria.cnbb.org.br\/\" target=\"_blank\">\n\t\t\t\t\t\t<span class=\"elementor-button-content-wrapper\">\n\t\t\t\t\t\t\t\t\t<span class=\"elementor-button-text\">Liturgia di\u00e1ria<\/span>\n\t\t\t\t\t<\/span>\n\t\t\t\t\t<\/a>\n\t\t\t\t<\/div>\n\t\t\t\t\t\t\t\t<\/div>\n\t\t\t\t<\/div>\n\t\t\t\t<div class=\"elementor-element elementor-element-1193381 elementor-align-center elementor-widget__width-inherit elementor-widget elementor-widget-button\" data-id=\"1193381\" data-element_type=\"widget\" data-e-type=\"widget\" data-widget_type=\"button.default\">\n\t\t\t\t<div class=\"elementor-widget-container\">\n\t\t\t\t\t\t\t\t\t<div class=\"elementor-button-wrapper\">\n\t\t\t\t\t<a class=\"elementor-button elementor-button-link elementor-size-sm\" href=\"https:\/\/www.vaticannews.va\/pt\/palavra-do-dia.html\" target=\"_blank\">\n\t\t\t\t\t\t<span class=\"elementor-button-content-wrapper\">\n\t\t\t\t\t\t\t\t\t<span class=\"elementor-button-text\">Palavra do Papa<\/span>\n\t\t\t\t\t<\/span>\n\t\t\t\t\t<\/a>\n\t\t\t\t<\/div>\n\t\t\t\t\t\t\t\t<\/div>\n\t\t\t\t<\/div>\n\t\t\t\t\t<\/div>\n\t\t<\/div>\n\t\t\t\t\t<\/div>\n\t\t<\/section>\n\t\t\t\t<\/div>\n\t\t","protected":false},"excerpt":{"rendered":"<p>Pastorais Apostolado da Ora\u00e7\u00e3o Batismo Brech\u00f3 Catequese Escola Paroquial Catequese Par\u00f3quia Nossa\u00a0Senhora da Vit\u00f3ria Centro Social Esmeralda da Natividade Comunica\u00e7\u00e3o Conselho Econ\u00f4mico Coral Di Maria Creche Nossa Senhora da Vit\u00f3ria [&hellip;]<\/p>\n","protected":false},"author":1,"featured_media":0,"parent":0,"menu_order":0,"comment_status":"closed","ping_status":"closed","template":"elementor_header_footer","meta":{"footnotes":""},"class_list":["post-6","page","type-page","status-publish","hentry"],"_links":{"self":[{"href":"https:\/\/paroquiadavitoria.org.br\/index.php\/wp-json\/wp\/v2\/pages\/6","targetHints":{"allow":["GET"]}}],"collection":[{"href":"https:\/\/paroquiadavitoria.org.br\/index.php\/wp-json\/wp\/v2\/pages"}],"about":[{"href":"https:\/\/paroquiadavitoria.org.br\/index.php\/wp-json\/wp\/v2\/types\/page"}],"author":[{"embeddable":true,"href":"https:\/\/paroquiadavitoria.org.br\/index.php\/wp-json\/wp\/v2\/users\/1"}],"replies":[{"embeddable":true,"href":"https:\/\/paroquiadavitoria.org.br\/index.php\/wp-json\/wp\/v2\/comments?post=6"}],"version-history":[{"count":315,"href":"https:\/\/paroquiadavitoria.org.br\/index.php\/wp-json\/wp\/v2\/pages\/6\/revisions"}],"predecessor-version":[{"id":3844,"href":"https:\/\/paroquiadavitoria.org.br\/index.php\/wp-json\/wp\/v2\/pages\/6\/revisions\/3844"}],"wp:attachment":[{"href":"https:\/\/paroquiadavitoria.org.br\/index.php\/wp-json\/wp\/v2\/media?parent=6"}],"curies":[{"name":"wp","href":"https:\/\/api.w.org\/{rel}","templated":true}]}}