{"id":930,"date":"2023-01-03T07:25:26","date_gmt":"2023-01-03T10:25:26","guid":{"rendered":"https:\/\/paroquiadavitoria.org.br\/?page_id=930"},"modified":"2026-05-07T15:17:46","modified_gmt":"2026-05-07T18:17:46","slug":"encontro-de-noivos","status":"publish","type":"page","link":"https:\/\/paroquiadavitoria.org.br\/index.php\/encontro-de-noivos\/","title":{"rendered":"Encontro de Noivos"},"content":{"rendered":"\t\t<div data-elementor-type=\"wp-page\" data-elementor-id=\"930\" class=\"elementor elementor-930\">\n\t\t\t\t\t\t<section class=\"elementor-section elementor-top-section elementor-element elementor-element-1f4b0f0 elementor-section-boxed elementor-section-height-default elementor-section-height-default\" data-id=\"1f4b0f0\" data-element_type=\"section\" data-e-type=\"section\">\n\t\t\t\t\t\t<div class=\"elementor-container elementor-column-gap-default\">\n\t\t\t\t\t<div class=\"elementor-column elementor-col-100 elementor-top-column elementor-element elementor-element-27991c2\" data-id=\"27991c2\" data-element_type=\"column\" data-e-type=\"column\">\n\t\t\t<div class=\"elementor-widget-wrap elementor-element-populated\">\n\t\t\t\t\t\t<div class=\"elementor-element elementor-element-0cfa226 elementor-widget elementor-widget-heading\" data-id=\"0cfa226\" data-element_type=\"widget\" data-e-type=\"widget\" data-widget_type=\"heading.default\">\n\t\t\t\t<div class=\"elementor-widget-container\">\n\t\t\t\t\t<h2 class=\"elementor-heading-title elementor-size-default\">Curso de Noivos<\/h2>\t\t\t\t<\/div>\n\t\t\t\t<\/div>\n\t\t\t\t\t<\/div>\n\t\t<\/div>\n\t\t\t\t\t<\/div>\n\t\t<\/section>\n\t\t\t\t<section class=\"elementor-section elementor-top-section elementor-element elementor-element-3dfb1e0 elementor-section-boxed elementor-section-height-default elementor-section-height-default\" data-id=\"3dfb1e0\" data-element_type=\"section\" data-e-type=\"section\">\n\t\t\t\t\t\t<div class=\"elementor-container elementor-column-gap-default\">\n\t\t\t\t\t<div class=\"elementor-column elementor-col-66 elementor-top-column elementor-element elementor-element-1639ce1\" data-id=\"1639ce1\" data-element_type=\"column\" data-e-type=\"column\">\n\t\t\t<div class=\"elementor-widget-wrap elementor-element-populated\">\n\t\t\t\t\t\t<div class=\"elementor-element elementor-element-33338f4 elementor-widget elementor-widget-text-editor\" data-id=\"33338f4\" data-element_type=\"widget\" data-e-type=\"widget\" data-widget_type=\"text-editor.default\">\n\t\t\t\t<div class=\"elementor-widget-container\">\n\t\t\t\t\t\t\t\t\t<p><strong>Pr\u00f3ximo Curso de Noivos: 27 de Junho<\/strong><\/p><p><strong>Inscri\u00e7\u00f5es ser\u00e3o abertas no dia 27\/05<\/strong><\/p><p>Ap\u00f3s a inscri\u00e7\u00e3o do Casal, o pagamento deve ser feito, via Pix, para a Par\u00f3quia, no valor de R$ 100,00.<\/p><p>Pix: paroquiavitoria10@gmail.com<\/p>\t\t\t\t\t\t\t\t<\/div>\n\t\t\t\t<\/div>\n\t\t\t\t<div class=\"elementor-element elementor-element-320ab5d elementor-hidden-desktop elementor-hidden-tablet elementor-hidden-mobile elementor-widget elementor-widget-shortcode\" data-id=\"320ab5d\" data-element_type=\"widget\" data-e-type=\"widget\" data-widget_type=\"shortcode.default\">\n\t\t\t\t<div class=\"elementor-widget-container\">\n\t\t\t\t\t\t\t<div class=\"elementor-shortcode\"><h2 style='color:#ed1f24; text-align:center; padding:20px; border:2px dashed #3f5a9a;'>Aguarde uma nova data!<\/h2><\/div>\n\t\t\t\t\t\t<\/div>\n\t\t\t\t<\/div>\n\t\t\t\t\t<\/div>\n\t\t<\/div>\n\t\t\t\t<div class=\"elementor-column elementor-col-33 elementor-top-column elementor-element elementor-element-5c9af4f elementor-hidden-desktop elementor-hidden-tablet elementor-hidden-mobile\" data-id=\"5c9af4f\" data-element_type=\"column\" data-e-type=\"column\" data-settings=\"{&quot;background_background&quot;:&quot;gradient&quot;}\">\n\t\t\t<div class=\"elementor-widget-wrap elementor-element-populated\">\n\t\t\t\t\t\t<div class=\"elementor-element elementor-element-9fa400f elementor-widget elementor-widget-text-editor\" data-id=\"9fa400f\" data-element_type=\"widget\" data-e-type=\"widget\" data-widget_type=\"text-editor.default\">\n\t\t\t\t<div class=\"elementor-widget-container\">\n\t\t\t\t\t\t\t\t\t<h2><strong>Cursos<\/strong><\/h2><h4><strong>Curso de Batismo<\/strong><\/h4><p>Curso de Batismo para pais e padrinhos Toda Segunda &#8211; feira \u00e0s 20:00 h na Igreja.<br \/>Chegar 30 minutos antes.<\/p><p><strong>Batizados<\/strong><\/p><p>Todos os domingos \u00e0s 10:00 hs.<\/p><p><strong>Confirmar informa\u00e7\u00e3o com a secretaria paroquial. Fone: (71) 3012-2341<\/strong><\/p>\t\t\t\t\t\t\t\t<\/div>\n\t\t\t\t<\/div>\n\t\t\t\t\t<\/div>\n\t\t<\/div>\n\t\t\t\t\t<\/div>\n\t\t<\/section>\n\t\t\t\t<\/div>\n\t\t","protected":false},"excerpt":{"rendered":"<p>Curso de Noivos Pr\u00f3ximo Curso de Noivos: 27 de Junho Inscri\u00e7\u00f5es ser\u00e3o abertas no dia 27\/05 Ap\u00f3s a inscri\u00e7\u00e3o do Casal, o pagamento deve ser feito, via Pix, para a [&hellip;]<\/p>\n","protected":false},"author":1,"featured_media":0,"parent":0,"menu_order":0,"comment_status":"closed","ping_status":"closed","template":"elementor_header_footer","meta":{"footnotes":""},"class_list":["post-930","page","type-page","status-publish","hentry"],"_links":{"self":[{"href":"https:\/\/paroquiadavitoria.org.br\/index.php\/wp-json\/wp\/v2\/pages\/930","targetHints":{"allow":["GET"]}}],"collection":[{"href":"https:\/\/paroquiadavitoria.org.br\/index.php\/wp-json\/wp\/v2\/pages"}],"about":[{"href":"https:\/\/paroquiadavitoria.org.br\/index.php\/wp-json\/wp\/v2\/types\/page"}],"author":[{"embeddable":true,"href":"https:\/\/paroquiadavitoria.org.br\/index.php\/wp-json\/wp\/v2\/users\/1"}],"replies":[{"embeddable":true,"href":"https:\/\/paroquiadavitoria.org.br\/index.php\/wp-json\/wp\/v2\/comments?post=930"}],"version-history":[{"count":91,"href":"https:\/\/paroquiadavitoria.org.br\/index.php\/wp-json\/wp\/v2\/pages\/930\/revisions"}],"predecessor-version":[{"id":3855,"href":"https:\/\/paroquiadavitoria.org.br\/index.php\/wp-json\/wp\/v2\/pages\/930\/revisions\/3855"}],"wp:attachment":[{"href":"https:\/\/paroquiadavitoria.org.br\/index.php\/wp-json\/wp\/v2\/media?parent=930"}],"curies":[{"name":"wp","href":"https:\/\/api.w.org\/{rel}","templated":true}]}}